{"id":6975,"date":"2025-06-17T14:56:00","date_gmt":"2025-06-17T20:56:00","guid":{"rendered":"https:\/\/autoridaddelpatrimoniocultural.campeche.gob.mx\/?page_id=6975"},"modified":"2025-06-17T15:11:56","modified_gmt":"2025-06-17T21:11:56","slug":"mara-lavalle-urbina","status":"publish","type":"page","link":"https:\/\/autoridaddelpatrimoniocultural.campeche.gob.mx\/?page_id=6975","title":{"rendered":"MARI\u00c1 LAVALLE URBINA"},"content":{"rendered":"\n<p><br>Ben\u00e9merita del Estado de Campeche; abogada y pol\u00edtica mexicana; primera mujer en ejercer como Magistrada del Tribunal Superior de Justicia del Distrito Federal y Territorios Federales, y primera mujer Presidenta del Senado de M\u00e9xico.<\/p>\n\n\n\n<p>Inicialmente realiz\u00f3 estudios en la Escuela Normal de Campeche, donde se recibi\u00f3 en 1927 como maestra normalista. Continu\u00f3 sus estudios en el Instituto Campechano, en 1944 se convirti\u00f3 en la primera mujer \u2014 en el estado de Campeche\u2014 en titularse como abogada. Paralelamente fue directora de una escuela primaria y dirigi\u00f3 la campa\u00f1a de alfabetizaci\u00f3n en su estado.<\/p>\n\n\n\n<p>Durante 1946 particip\u00f3 en la Comisi\u00f3n T\u00e9cnica Femenil del Partido Alemanista, siendo uno de sus principales objetivos, conseguir el voto femenil en los comicios federales.<\/p>\n\n\n\n<p>En 1947, durante el per\u00edodo presidencial de Miguel Alem\u00e1n Vald\u00e9s, fue nombrada Magistrada del Supremo Tribunal de Justicia del Distrito y Territorios Federales, Jefa del Departamento de Readaptaci\u00f3n Social de la Secretar\u00eda de Gobernaci\u00f3n de 1954 a 1964. Representante de M\u00e9xico ante la Comisi\u00f3n de la Condici\u00f3n Jur\u00eddica y Social de la Mujer de la Organizaci\u00f3n de las Naciones Unidas de 1957 a 1968.<\/p>\n\n\n\n<p>Fue miembro y presidi\u00f3 organizaciones como la Alianza de Mujeres de M\u00e9xico, la Academia Mexicana de Educaci\u00f3n y la Asociaci\u00f3n de Derecho de la Familia de la Asociaci\u00f3n Nacional de Abogados.<\/p>\n\n\n\n<p>En 1964, fue electa junto con Alicia Arellano Tapia, como las dos primeras senadoras en la historia de M\u00e9xico, en representaci\u00f3n de su estado, Campeche, para el per\u00edodo que culmin\u00f3 en 1970. Ejerci\u00f3 como la primera Presidenta del Senado en 1965.<\/p>\n\n\n\n<p>De 1970 a 1976 fue Directora General del Registro Civil y de 1976 a 1984 Subsecretaria de Educaci\u00f3n B\u00e1sica y Directora de la Comisi\u00f3n Nacional del Libro de Texto Gratuito de la Secretar\u00eda de Educaci\u00f3n P\u00fablica.<\/p>\n\n\n\n<p>En 1973 le fue concedido el Premio de Derechos Humanos de las Naciones Unidas. En 1981, el Gobierno del Estado de Campeche le otorg\u00f3 la Medalla Justo Sierra M\u00e9ndez. En 1988, recibi\u00f3 la Medalla Belisario Dom\u00ednguez del Senado de la Rep\u00fablica.<\/p>\n\n\n\n<p>Eminente crimin\u00f3loga, dej\u00f3 dos libros importantes para el derecho mexicano: Delincuencia Infantil, que apareci\u00f3 en 1945, y Situaci\u00f3n Jur\u00eddica de la Mujer, editado en 1953.<\/p>\n\n\n\n<p>Muri\u00f3 el 23 de abril de 1996, sus restos mortales fueron trasladados a la Rotonda de las Personas Ilustres en noviembre de 2006.<\/p>\n","protected":false},"excerpt":{"rendered":"<p>Ben\u00e9merita del Estado de Campeche; abogada y pol\u00edtica mexicana; primera mujer en ejercer como Magistrada del Tribunal Superior de Justicia del Distrito Federal y Territorios Federales, y primera mujer Presidenta del Senado de M\u00e9xico. Inicialmente realiz\u00f3 estudios en la Escuela Normal de Campeche, donde se recibi\u00f3 en 1927 como maestra normalista. Continu\u00f3 sus estudios en [&hellip;]<\/p>\n","protected":false},"author":3,"featured_media":0,"parent":0,"menu_order":0,"comment_status":"closed","ping_status":"closed","template":"","meta":{"_acf_changed":false,"_et_pb_use_builder":"off","_et_pb_old_content":"","_et_gb_content_width":"","footnotes":""},"acf":[],"_links":{"self":[{"href":"https:\/\/autoridaddelpatrimoniocultural.campeche.gob.mx\/index.php?rest_route=\/wp\/v2\/pages\/6975"}],"collection":[{"href":"https:\/\/autoridaddelpatrimoniocultural.campeche.gob.mx\/index.php?rest_route=\/wp\/v2\/pages"}],"about":[{"href":"https:\/\/autoridaddelpatrimoniocultural.campeche.gob.mx\/index.php?rest_route=\/wp\/v2\/types\/page"}],"author":[{"embeddable":true,"href":"https:\/\/autoridaddelpatrimoniocultural.campeche.gob.mx\/index.php?rest_route=\/wp\/v2\/users\/3"}],"replies":[{"embeddable":true,"href":"https:\/\/autoridaddelpatrimoniocultural.campeche.gob.mx\/index.php?rest_route=%2Fwp%2Fv2%2Fcomments&post=6975"}],"version-history":[{"count":2,"href":"https:\/\/autoridaddelpatrimoniocultural.campeche.gob.mx\/index.php?rest_route=\/wp\/v2\/pages\/6975\/revisions"}],"predecessor-version":[{"id":6977,"href":"https:\/\/autoridaddelpatrimoniocultural.campeche.gob.mx\/index.php?rest_route=\/wp\/v2\/pages\/6975\/revisions\/6977"}],"wp:attachment":[{"href":"https:\/\/autoridaddelpatrimoniocultural.campeche.gob.mx\/index.php?rest_route=%2Fwp%2Fv2%2Fmedia&parent=6975"}],"curies":[{"name":"wp","href":"https:\/\/api.w.org\/{rel}","templated":true}]}}