{"id":6749,"date":"2025-05-07T11:42:26","date_gmt":"2025-05-07T17:42:26","guid":{"rendered":"https:\/\/autoridaddelpatrimoniocultural.campeche.gob.mx\/?page_id=6749"},"modified":"2025-05-09T10:50:48","modified_gmt":"2025-05-09T16:50:48","slug":"estacion-centro-historico","status":"publish","type":"page","link":"https:\/\/autoridaddelpatrimoniocultural.campeche.gob.mx\/?page_id=6749","title":{"rendered":"ESTACI\u00d3N CENTRO HIST\u00d3RICO"},"content":{"rendered":"\n<figure class=\"wp-block-image size-large\"><img loading=\"lazy\" decoding=\"async\" width=\"1024\" height=\"576\" src=\"https:\/\/autoridaddelpatrimoniocultural.campeche.gob.mx\/wp-content\/uploads\/2025\/05\/WhatsApp-Image-2025-05-08-at-9.56.32-AM-1024x576.jpeg\" alt=\"\" class=\"wp-image-6779\" srcset=\"https:\/\/autoridaddelpatrimoniocultural.campeche.gob.mx\/wp-content\/uploads\/2025\/05\/WhatsApp-Image-2025-05-08-at-9.56.32-AM-980x551.jpeg 980w, https:\/\/autoridaddelpatrimoniocultural.campeche.gob.mx\/wp-content\/uploads\/2025\/05\/WhatsApp-Image-2025-05-08-at-9.56.32-AM-480x270.jpeg 480w\" sizes=\"(min-width: 0px) and (max-width: 480px) 480px, (min-width: 481px) and (max-width: 980px) 980px, (min-width: 981px) 1024px, 100vw\" \/><\/figure>\n\n\n\n<p>La Puerta de Mar funcion\u00f3 como el acceso principal a la ciudad durante la \u00e9poca colonial, hoy es una invitaci\u00f3n para los usuarios locales, regionales e internacionales que llegan en el Tren Ligero para adentrarse en el \u00fanico espacio amurallado conservado de M\u00e9xico; este acceso simb\u00f3lico evoca el paso de los antiguos viajeros que arribaban a trav\u00e9s del Golfo, simboliza la conexi\u00f3n con el pasado y la actual riqueza cultural de la ciudad.<\/p>\n\n\n\n<p>El \u00faltimo punto de la ruta del Tren Ligero corresponde a la estaci\u00f3n Centro Hist\u00f3rico, permite a los usuarios llegar al centro pol\u00edtico, administrativo, econ\u00f3mico y cultural de la ciudad. Cuenta con una poblaci\u00f3n de 1,122 habitantes y la llegada diaria de m\u00e1s de 8,000 trabajadores, a lo que se suma el flujo constante de turismo nacional e internacional que visita la zona.<\/p>\n\n\n\n<p>La ciudad fue fortificada por una muralla en forma de hex\u00e1gono irregular, conformada por ocho baluartes y cuatro puertas, fue una pieza clave en la red de defensa del Caribe. A finales del siglo XIX, con la desaparici\u00f3n de la pirater\u00eda y el surgimiento del concepto de modernidad, se demolieron algunos lienzos de murallas, baluartes y puertas; sin embargo, gran parte del sistema defensivo permanece en pie.<\/p>\n\n\n\n<p>El n\u00facleo hist\u00f3rico de la ciudad de San Francisco de Campeche por sus valores de excepcionalidad y originalidad, y ser un ejemplo de urbe colonial portuaria caracterizada por una plaza exc\u00e9ntrica y notables edificaciones religiosas, civiles y militares construidas con piedra, cal y canto fue reconocida como Patrimonio Cultural de la Humanidad en 1999 por la UNESCO.<\/p>\n\n\n\n<p>COORDINACI\u00d3N<br>Ro Olvera Salinas<\/p>\n\n\n\n<p>INVESTIGACI\u00d3N<br>Karina Gra\u00f1a Sandoval<\/p>\n\n\n\n<p>TEXTOS<br>Ro Olvera Salinas<br>Karina Gra\u00f1a Sandoval<\/p>\n\n\n\n<p>APOYO T\u00c9CNICO<br>Yajaira Barbabosa Cruz<\/p>\n\n\n\n<p>EDICI\u00d3N Y DISE\u00d1O<br>Enrique S\u00e1nchez Que<br>Melina Ortiz Arjona<\/p>\n","protected":false},"excerpt":{"rendered":"<p>La Puerta de Mar funcion\u00f3 como el acceso principal a la ciudad durante la \u00e9poca colonial, hoy es una invitaci\u00f3n para los usuarios locales, regionales e internacionales que llegan en el Tren Ligero para adentrarse en el \u00fanico espacio amurallado conservado de M\u00e9xico; este acceso simb\u00f3lico evoca el paso de los antiguos viajeros que arribaban [&hellip;]<\/p>\n","protected":false},"author":3,"featured_media":0,"parent":0,"menu_order":0,"comment_status":"closed","ping_status":"closed","template":"","meta":{"_acf_changed":false,"_et_pb_use_builder":"off","_et_pb_old_content":"","_et_gb_content_width":"","footnotes":""},"acf":[],"_links":{"self":[{"href":"https:\/\/autoridaddelpatrimoniocultural.campeche.gob.mx\/index.php?rest_route=\/wp\/v2\/pages\/6749"}],"collection":[{"href":"https:\/\/autoridaddelpatrimoniocultural.campeche.gob.mx\/index.php?rest_route=\/wp\/v2\/pages"}],"about":[{"href":"https:\/\/autoridaddelpatrimoniocultural.campeche.gob.mx\/index.php?rest_route=\/wp\/v2\/types\/page"}],"author":[{"embeddable":true,"href":"https:\/\/autoridaddelpatrimoniocultural.campeche.gob.mx\/index.php?rest_route=\/wp\/v2\/users\/3"}],"replies":[{"embeddable":true,"href":"https:\/\/autoridaddelpatrimoniocultural.campeche.gob.mx\/index.php?rest_route=%2Fwp%2Fv2%2Fcomments&post=6749"}],"version-history":[{"count":4,"href":"https:\/\/autoridaddelpatrimoniocultural.campeche.gob.mx\/index.php?rest_route=\/wp\/v2\/pages\/6749\/revisions"}],"predecessor-version":[{"id":6809,"href":"https:\/\/autoridaddelpatrimoniocultural.campeche.gob.mx\/index.php?rest_route=\/wp\/v2\/pages\/6749\/revisions\/6809"}],"wp:attachment":[{"href":"https:\/\/autoridaddelpatrimoniocultural.campeche.gob.mx\/index.php?rest_route=%2Fwp%2Fv2%2Fmedia&parent=6749"}],"curies":[{"name":"wp","href":"https:\/\/api.w.org\/{rel}","templated":true}]}}