{"id":6747,"date":"2025-05-07T11:42:03","date_gmt":"2025-05-07T17:42:03","guid":{"rendered":"https:\/\/autoridaddelpatrimoniocultural.campeche.gob.mx\/?page_id=6747"},"modified":"2025-05-09T10:40:31","modified_gmt":"2025-05-09T16:40:31","slug":"estacion-barrio-de-guadalupe","status":"publish","type":"page","link":"https:\/\/autoridaddelpatrimoniocultural.campeche.gob.mx\/?page_id=6747","title":{"rendered":"ESTACI\u00d3N BARRIO DE GUADALUPE"},"content":{"rendered":"\n<figure class=\"wp-block-image size-large\"><img loading=\"lazy\" decoding=\"async\" width=\"1024\" height=\"576\" src=\"https:\/\/autoridaddelpatrimoniocultural.campeche.gob.mx\/wp-content\/uploads\/2025\/05\/WhatsApp-Image-2025-05-08-at-9.56.25-AM-1024x576.jpeg\" alt=\"\" class=\"wp-image-6777\" srcset=\"https:\/\/autoridaddelpatrimoniocultural.campeche.gob.mx\/wp-content\/uploads\/2025\/05\/WhatsApp-Image-2025-05-08-at-9.56.25-AM-980x551.jpeg 980w, https:\/\/autoridaddelpatrimoniocultural.campeche.gob.mx\/wp-content\/uploads\/2025\/05\/WhatsApp-Image-2025-05-08-at-9.56.25-AM-480x270.jpeg 480w\" sizes=\"(min-width: 0px) and (max-width: 480px) 480px, (min-width: 481px) and (max-width: 980px) 980px, (min-width: 981px) 1024px, 100vw\" \/><\/figure>\n\n\n\n<p>El Santuario Diocesano de Nuestra Se\u00f1ora de Guadalupe est\u00e1 catalogado como monumento hist\u00f3rico. La portada consta de una puerta principal con arco de medio punto sobre el que se despliega un balc\u00f3n de coro rematado por un sencillo front\u00f3n; en la esquina poniente se localiza una torre campanario dividida en dos cuerpos.<\/p>\n\n\n\n<p>La estaci\u00f3n toma el nombre del barrio se\u00f1orial de Guadalupe, su entorno marino engalanado de aves invita a la contemplaci\u00f3n de los m\u00e1gicos atardeceres; conecta a los usuarios con la iglesia y parque de Guadalupe engalanado con un quiosco central y una reja forjada.<\/p>\n\n\n\n<p>Decretado como Zona de Monumentos Hist\u00f3ricos, el Barrio de Guadalupe es uno de los espacios tradicionales que convergieron con el desarrollo de la ciudad, la poblaci\u00f3n que se asent\u00f3 en este lugar estaba compuesta por blancos, mestizos y mulatos. Este barrio conserva gran parte de su arquitectura caracter\u00edstica de los siglos XVIII y XIX.<\/p>\n\n\n\n<p>El n\u00facleo lo constituye el inmueble que alberga el Santuario Diocesano de Nuestra Se\u00f1ora de Guadalupe, catalogado como monumento hist\u00f3rico. El dise\u00f1o del edificio es sencillo y sobrio, consta de una sola nave en forma de cruz latina, dividido por cinco arcos torales sostenidos por pilares de piedra soportan un techo plano cubierto de rollizos.<\/p>\n\n\n\n<p>COORDINACI\u00d3N<br>Ro Olvera Salinas<\/p>\n\n\n\n<p>INVESTIGACI\u00d3N<br>Karina Gra\u00f1a Sandoval<\/p>\n\n\n\n<p>TEXTOS<br>Ro Olvera Salinas<br>Karina Gra\u00f1a Sandoval<\/p>\n\n\n\n<p>APOYO T\u00c9CNICO<br>Yajaira Barbabosa Cruz<\/p>\n\n\n\n<p>EDICI\u00d3N Y DISE\u00d1O<br>Enrique S\u00e1nchez Que<br>Melina Ortiz Arjona<\/p>\n\n\n\n<p><\/p>\n\n\n\n<p><\/p>\n","protected":false},"excerpt":{"rendered":"<p>El Santuario Diocesano de Nuestra Se\u00f1ora de Guadalupe est\u00e1 catalogado como monumento hist\u00f3rico. La portada consta de una puerta principal con arco de medio punto sobre el que se despliega un balc\u00f3n de coro rematado por un sencillo front\u00f3n; en la esquina poniente se localiza una torre campanario dividida en dos cuerpos. La estaci\u00f3n toma [&hellip;]<\/p>\n","protected":false},"author":3,"featured_media":0,"parent":0,"menu_order":0,"comment_status":"closed","ping_status":"closed","template":"","meta":{"_acf_changed":false,"_et_pb_use_builder":"off","_et_pb_old_content":"","_et_gb_content_width":"","footnotes":""},"acf":[],"_links":{"self":[{"href":"https:\/\/autoridaddelpatrimoniocultural.campeche.gob.mx\/index.php?rest_route=\/wp\/v2\/pages\/6747"}],"collection":[{"href":"https:\/\/autoridaddelpatrimoniocultural.campeche.gob.mx\/index.php?rest_route=\/wp\/v2\/pages"}],"about":[{"href":"https:\/\/autoridaddelpatrimoniocultural.campeche.gob.mx\/index.php?rest_route=\/wp\/v2\/types\/page"}],"author":[{"embeddable":true,"href":"https:\/\/autoridaddelpatrimoniocultural.campeche.gob.mx\/index.php?rest_route=\/wp\/v2\/users\/3"}],"replies":[{"embeddable":true,"href":"https:\/\/autoridaddelpatrimoniocultural.campeche.gob.mx\/index.php?rest_route=%2Fwp%2Fv2%2Fcomments&post=6747"}],"version-history":[{"count":5,"href":"https:\/\/autoridaddelpatrimoniocultural.campeche.gob.mx\/index.php?rest_route=\/wp\/v2\/pages\/6747\/revisions"}],"predecessor-version":[{"id":6790,"href":"https:\/\/autoridaddelpatrimoniocultural.campeche.gob.mx\/index.php?rest_route=\/wp\/v2\/pages\/6747\/revisions\/6790"}],"wp:attachment":[{"href":"https:\/\/autoridaddelpatrimoniocultural.campeche.gob.mx\/index.php?rest_route=%2Fwp%2Fv2%2Fmedia&parent=6747"}],"curies":[{"name":"wp","href":"https:\/\/api.w.org\/{rel}","templated":true}]}}