{"id":6745,"date":"2025-05-07T11:40:58","date_gmt":"2025-05-07T17:40:58","guid":{"rendered":"https:\/\/autoridaddelpatrimoniocultural.campeche.gob.mx\/?page_id=6745"},"modified":"2025-05-09T10:54:32","modified_gmt":"2025-05-09T16:54:32","slug":"estacion-barrio-de-san-francisco","status":"publish","type":"page","link":"https:\/\/autoridaddelpatrimoniocultural.campeche.gob.mx\/?page_id=6745","title":{"rendered":"ESTACI\u00d3N BARRIO DE SAN FRANCISCO"},"content":{"rendered":"\n<figure class=\"wp-block-image size-large\"><img loading=\"lazy\" decoding=\"async\" width=\"1024\" height=\"576\" src=\"https:\/\/autoridaddelpatrimoniocultural.campeche.gob.mx\/wp-content\/uploads\/2025\/05\/WhatsApp-Image-2025-05-08-at-9.56.08-AM-1024x576.jpeg\" alt=\"\" class=\"wp-image-6775\" srcset=\"https:\/\/autoridaddelpatrimoniocultural.campeche.gob.mx\/wp-content\/uploads\/2025\/05\/WhatsApp-Image-2025-05-08-at-9.56.08-AM-980x551.jpeg 980w, https:\/\/autoridaddelpatrimoniocultural.campeche.gob.mx\/wp-content\/uploads\/2025\/05\/WhatsApp-Image-2025-05-08-at-9.56.08-AM-480x270.jpeg 480w\" sizes=\"(min-width: 0px) and (max-width: 480px) 480px, (min-width: 481px) and (max-width: 980px) 980px, (min-width: 981px) 1024px, 100vw\" \/><\/figure>\n\n\n\n<p>La fachada de la iglesia est\u00e1 rematada por una espada\u00f1a que sirvi\u00f3 de modelo para el pictograma. En su forma armoniosa sobresalen cuatro pin\u00e1culos que enmarcan tres antiguas campanas manufacturadas en bronce, las cuales con su ta\u00f1ido anuncian el inicio de cada ma\u00f1ana.<\/p>\n\n\n\n<p>Esta estaci\u00f3n del Tren Ligero se ubica en un lugar que permite a los habitantes y visitantes descender sobre el malec\u00f3n y gozar de una espl\u00e9ndida vista al mar, desde ah\u00ed se camina hacia el Barrio de San Francisco a trav\u00e9s de la Avenida Fundadores.<\/p>\n\n\n\n<p>El Barrio de San Francisco es uno de los m\u00e1s tradicionales de la ciudad, reconocido como Zona de Monumentos Hist\u00f3ricos por decreto federal en 1986; se asienta alrededor de la parroquia de nombre hom\u00f3nimo y constituye el sitio fundacional de la villa de Campeche. En este lugar, Francisco de Montejo \u201cEl Mozo\u201d, por instrucciones de su padre, Francisco de Montejo \u201cEl Adelantado\u201d, dio inicio a la campa\u00f1a de colonizaci\u00f3n de la pen\u00ednsula de Yucat\u00e1n.<\/p>\n\n\n\n<p>La Parroquia de San Francisco es el inmueble religioso m\u00e1s antiguo de la ciudad, en su portada se encuentra el monumento de la Columna que conmemora la primera misa en tierra firme. La escultura labrada de piedra remata en la parte superior con una pi\u00f1a y se erige sobre una base del mismo material rodeada por un cuerpo envolvente. La identifica una placa cuya leyenda versa: Esta columna se\u00f1ala el lugar donde se dijo la primera misa en 1517.<\/p>\n\n\n\n<p>COORDINACI\u00d3N<br>Ro Olvera Salinas<\/p>\n\n\n\n<p>INVESTIGACI\u00d3N<br>Karina Gra\u00f1a Sandoval<\/p>\n\n\n\n<p>TEXTOS<br>Ro Olvera Salinas<br>Karina Gra\u00f1a Sandoval<\/p>\n\n\n\n<p>APOYO T\u00c9CNICO<br>Yajaira Barbabosa Cruz<\/p>\n\n\n\n<p>EDICI\u00d3N Y DISE\u00d1O<br>Enrique S\u00e1nchez Que<br>Melina Ortiz Arjona<\/p>\n\n\n\n<p><\/p>\n","protected":false},"excerpt":{"rendered":"<p>La fachada de la iglesia est\u00e1 rematada por una espada\u00f1a que sirvi\u00f3 de modelo para el pictograma. En su forma armoniosa sobresalen cuatro pin\u00e1culos que enmarcan tres antiguas campanas manufacturadas en bronce, las cuales con su ta\u00f1ido anuncian el inicio de cada ma\u00f1ana. Esta estaci\u00f3n del Tren Ligero se ubica en un lugar que permite [&hellip;]<\/p>\n","protected":false},"author":3,"featured_media":0,"parent":0,"menu_order":0,"comment_status":"closed","ping_status":"closed","template":"","meta":{"_acf_changed":false,"_et_pb_use_builder":"off","_et_pb_old_content":"","_et_gb_content_width":"","footnotes":""},"acf":[],"_links":{"self":[{"href":"https:\/\/autoridaddelpatrimoniocultural.campeche.gob.mx\/index.php?rest_route=\/wp\/v2\/pages\/6745"}],"collection":[{"href":"https:\/\/autoridaddelpatrimoniocultural.campeche.gob.mx\/index.php?rest_route=\/wp\/v2\/pages"}],"about":[{"href":"https:\/\/autoridaddelpatrimoniocultural.campeche.gob.mx\/index.php?rest_route=\/wp\/v2\/types\/page"}],"author":[{"embeddable":true,"href":"https:\/\/autoridaddelpatrimoniocultural.campeche.gob.mx\/index.php?rest_route=\/wp\/v2\/users\/3"}],"replies":[{"embeddable":true,"href":"https:\/\/autoridaddelpatrimoniocultural.campeche.gob.mx\/index.php?rest_route=%2Fwp%2Fv2%2Fcomments&post=6745"}],"version-history":[{"count":4,"href":"https:\/\/autoridaddelpatrimoniocultural.campeche.gob.mx\/index.php?rest_route=\/wp\/v2\/pages\/6745\/revisions"}],"predecessor-version":[{"id":6813,"href":"https:\/\/autoridaddelpatrimoniocultural.campeche.gob.mx\/index.php?rest_route=\/wp\/v2\/pages\/6745\/revisions\/6813"}],"wp:attachment":[{"href":"https:\/\/autoridaddelpatrimoniocultural.campeche.gob.mx\/index.php?rest_route=%2Fwp%2Fv2%2Fmedia&parent=6745"}],"curies":[{"name":"wp","href":"https:\/\/api.w.org\/{rel}","templated":true}]}}