{"id":6743,"date":"2025-05-07T11:40:32","date_gmt":"2025-05-07T17:40:32","guid":{"rendered":"https:\/\/autoridaddelpatrimoniocultural.campeche.gob.mx\/?page_id=6743"},"modified":"2025-05-09T10:48:07","modified_gmt":"2025-05-09T16:48:07","slug":"estacion-la-campechana","status":"publish","type":"page","link":"https:\/\/autoridaddelpatrimoniocultural.campeche.gob.mx\/?page_id=6743","title":{"rendered":"ESTACI\u00d3N LA CAMPECHANA"},"content":{"rendered":"\n<figure class=\"wp-block-image size-large\"><img loading=\"lazy\" decoding=\"async\" width=\"1024\" height=\"576\" src=\"https:\/\/autoridaddelpatrimoniocultural.campeche.gob.mx\/wp-content\/uploads\/2025\/05\/WhatsApp-Image-2025-05-08-at-9.55.53-AM-1024x576.jpeg\" alt=\"\" class=\"wp-image-6773\" srcset=\"https:\/\/autoridaddelpatrimoniocultural.campeche.gob.mx\/wp-content\/uploads\/2025\/05\/WhatsApp-Image-2025-05-08-at-9.55.53-AM-980x551.jpeg 980w, https:\/\/autoridaddelpatrimoniocultural.campeche.gob.mx\/wp-content\/uploads\/2025\/05\/WhatsApp-Image-2025-05-08-at-9.55.53-AM-480x270.jpeg 480w\" sizes=\"(min-width: 0px) and (max-width: 480px) 480px, (min-width: 481px) and (max-width: 980px) 980px, (min-width: 981px) 1024px, 100vw\" \/><\/figure>\n\n\n\n<p>La pieza es de la autor\u00eda del escultor Ricardo Ponzanelli, proveniente de un linaje de escultores, arquitectos, artistas y marmoleros que datan del siglo XVII d.C. El monumento se inaugur\u00f3 en el a\u00f1o 2007 y es el s\u00edmbolo emblem\u00e1tico de la imagen discursiva de la dama campechana.<\/p>\n\n\n\n<p>La parada se encuentra a un costado de la rotonda en donde se localiza el monumento titulado \u201cHomenaje a la Mujer Campechana\u201d, escultura fundida en bronce colocada sobre una base moldurada del mismo material que se asienta sobre un soporte de concreto.<\/p>\n\n\n\n<p>\u201cLa Campechana\u201d como se conoce popularmente rinde tributo a las mujeres de la ciudad, porta el traje t\u00edpico que se remonta al siglo XIX, compuesto por una blusa bordada a mano con dise\u00f1os de flores de cebolla o calabaza en blanco y negro, acompa\u00f1ada de una falda adornada con olanes y encajes, completa el conjunto un rebozo de Santa Mar\u00eda, elaborado con hilos de seda. Los accesorios tradicionales incluyen rosarios, cadenas salom\u00f3nicas y aretes de monedas, que resaltan la riqueza cultural de la vestimenta; el peinado consiste en trenzas decoradas con un mo\u00f1o que combina con el color de la falda, el cual puede variar, aportando un toque distintivo y alegre al atuendo.<\/p>\n\n\n\n<p>COORDINACI\u00d3N<br>Ro Olvera Salinas<\/p>\n\n\n\n<p>INVESTIGACI\u00d3N<br>Karina Gra\u00f1a Sandoval<\/p>\n\n\n\n<p>TEXTOS<br>Ro Olvera Salinas<br>Karina Gra\u00f1a Sandoval<\/p>\n\n\n\n<p>APOYO T\u00c9CNICO<br>Yajaira Barbabosa Cruz<\/p>\n\n\n\n<p>EDICI\u00d3N Y DISE\u00d1O<br>Enrique S\u00e1nchez Que<br>Melina Ortiz Arjona<\/p>\n","protected":false},"excerpt":{"rendered":"<p>La pieza es de la autor\u00eda del escultor Ricardo Ponzanelli, proveniente de un linaje de escultores, arquitectos, artistas y marmoleros que datan del siglo XVII d.C. El monumento se inaugur\u00f3 en el a\u00f1o 2007 y es el s\u00edmbolo emblem\u00e1tico de la imagen discursiva de la dama campechana. La parada se encuentra a un costado de [&hellip;]<\/p>\n","protected":false},"author":3,"featured_media":0,"parent":0,"menu_order":0,"comment_status":"closed","ping_status":"closed","template":"","meta":{"_acf_changed":false,"_et_pb_use_builder":"off","_et_pb_old_content":"","_et_gb_content_width":"","footnotes":""},"acf":[],"_links":{"self":[{"href":"https:\/\/autoridaddelpatrimoniocultural.campeche.gob.mx\/index.php?rest_route=\/wp\/v2\/pages\/6743"}],"collection":[{"href":"https:\/\/autoridaddelpatrimoniocultural.campeche.gob.mx\/index.php?rest_route=\/wp\/v2\/pages"}],"about":[{"href":"https:\/\/autoridaddelpatrimoniocultural.campeche.gob.mx\/index.php?rest_route=\/wp\/v2\/types\/page"}],"author":[{"embeddable":true,"href":"https:\/\/autoridaddelpatrimoniocultural.campeche.gob.mx\/index.php?rest_route=\/wp\/v2\/users\/3"}],"replies":[{"embeddable":true,"href":"https:\/\/autoridaddelpatrimoniocultural.campeche.gob.mx\/index.php?rest_route=%2Fwp%2Fv2%2Fcomments&post=6743"}],"version-history":[{"count":4,"href":"https:\/\/autoridaddelpatrimoniocultural.campeche.gob.mx\/index.php?rest_route=\/wp\/v2\/pages\/6743\/revisions"}],"predecessor-version":[{"id":6805,"href":"https:\/\/autoridaddelpatrimoniocultural.campeche.gob.mx\/index.php?rest_route=\/wp\/v2\/pages\/6743\/revisions\/6805"}],"wp:attachment":[{"href":"https:\/\/autoridaddelpatrimoniocultural.campeche.gob.mx\/index.php?rest_route=%2Fwp%2Fv2%2Fmedia&parent=6743"}],"curies":[{"name":"wp","href":"https:\/\/api.w.org\/{rel}","templated":true}]}}