{"id":6741,"date":"2025-05-07T11:40:04","date_gmt":"2025-05-07T17:40:04","guid":{"rendered":"https:\/\/autoridaddelpatrimoniocultural.campeche.gob.mx\/?page_id=6741"},"modified":"2025-05-09T10:41:28","modified_gmt":"2025-05-09T16:41:28","slug":"estacion-barrio-de-la-ermita","status":"publish","type":"page","link":"https:\/\/autoridaddelpatrimoniocultural.campeche.gob.mx\/?page_id=6741","title":{"rendered":"ESTACI\u00d3N BARRIO DE LA ERMITA"},"content":{"rendered":"\n<figure class=\"wp-block-image size-large\"><img loading=\"lazy\" decoding=\"async\" width=\"1024\" height=\"576\" src=\"https:\/\/autoridaddelpatrimoniocultural.campeche.gob.mx\/wp-content\/uploads\/2025\/05\/WhatsApp-Image-2025-05-08-at-9.55.32-AM-1024x576.jpeg\" alt=\"\" class=\"wp-image-6771\" srcset=\"https:\/\/autoridaddelpatrimoniocultural.campeche.gob.mx\/wp-content\/uploads\/2025\/05\/WhatsApp-Image-2025-05-08-at-9.55.32-AM-980x551.jpeg 980w, https:\/\/autoridaddelpatrimoniocultural.campeche.gob.mx\/wp-content\/uploads\/2025\/05\/WhatsApp-Image-2025-05-08-at-9.55.32-AM-480x270.jpeg 480w\" sizes=\"(min-width: 0px) and (max-width: 480px) 480px, (min-width: 481px) and (max-width: 980px) 980px, (min-width: 981px) 1024px, 100vw\" \/><\/figure>\n\n\n\n<p>El dise\u00f1o es un imaginario de la estructura original del Pozo de la Conquista, monumento hist\u00f3rico que de acuerdo a fuentes escritas abasteci\u00f3 de agua a los espa\u00f1oles en su primer contacto con los mayas en marzo de 1517. En la actualidad, la pieza ha sido rehabilitada, se convirti\u00f3 en un elemento esencial de la imagen urbana del barrio y un s\u00edmbolo de identidad hist\u00f3rica.<\/p>\n\n\n\n<p>A un costado del parque Felipe Carrillo Puerto se encuentra la estaci\u00f3n Barrio de la Ermita, paralela a las antiguas v\u00edas del tren. Est\u00e1 ubicada en un lugar estrat\u00e9gico que integra diversos servicios p\u00fablicos y dota de una visual excepcional a los usuarios que pueden admirar diversos estilos arquitect\u00f3nicos como arquitectura vern\u00e1cula, casas correspondientes a los siglos XVIII-XIX, y construcciones en su mayor\u00eda contempor\u00e1neas que conviven con el paisaje natural.<\/p>\n\n\n\n<p>El Barrio de la Ermita se destaca por haber sido el sitio donde se ubic\u00f3 la primera estaci\u00f3n de ferrocarril de Campeche. Es uno de los m\u00e1s representativos de la ciudad, su configuraci\u00f3n se desarroll\u00f3 alrededor de la antigua Ermita de Nuestra Se\u00f1ora del Buen Viaje y las v\u00edas del antiguo ferrocarril porfirista. Su historia se vincula a los inicios de la ciudad, form\u00f3 parte de la periferia urbana y fue el punto de salida hacia M\u00e9rida, capital de la Provincia de Yucat\u00e1n, a trav\u00e9s de la v\u00eda conocida como \u201cCamino Real\u201d.<\/p>\n\n\n\n<p>Dentro del barrio tambi\u00e9n se encuentra el \u201cPozo de la Conquista\u201d, un monumento hist\u00f3rico que de acuerdo a algunas fuentes hist\u00f3ricas, abasteci\u00f3 de agua a los espa\u00f1oles en su primer contacto con los mayas en marzo de 1517.<\/p>\n\n\n\n<p>COORDINACI\u00d3N<br>Ro Olvera Salinas<\/p>\n\n\n\n<p>INVESTIGACI\u00d3N<br>Karina Gra\u00f1a Sandoval<\/p>\n\n\n\n<p>TEXTOS<br>Ro Olvera Salinas<br>Karina Gra\u00f1a Sandoval<\/p>\n\n\n\n<p>APOYO T\u00c9CNICO<br>Yajaira Barbabosa Cruz<\/p>\n\n\n\n<p>EDICI\u00d3N Y DISE\u00d1O<br>Enrique S\u00e1nchez Que<br>Melina Ortiz Arjona<\/p>\n\n\n\n<p><\/p>\n\n\n\n<p><\/p>\n","protected":false},"excerpt":{"rendered":"<p>El dise\u00f1o es un imaginario de la estructura original del Pozo de la Conquista, monumento hist\u00f3rico que de acuerdo a fuentes escritas abasteci\u00f3 de agua a los espa\u00f1oles en su primer contacto con los mayas en marzo de 1517. En la actualidad, la pieza ha sido rehabilitada, se convirti\u00f3 en un elemento esencial de la [&hellip;]<\/p>\n","protected":false},"author":3,"featured_media":0,"parent":0,"menu_order":0,"comment_status":"closed","ping_status":"closed","template":"","meta":{"_acf_changed":false,"_et_pb_use_builder":"off","_et_pb_old_content":"","_et_gb_content_width":"","footnotes":""},"acf":[],"_links":{"self":[{"href":"https:\/\/autoridaddelpatrimoniocultural.campeche.gob.mx\/index.php?rest_route=\/wp\/v2\/pages\/6741"}],"collection":[{"href":"https:\/\/autoridaddelpatrimoniocultural.campeche.gob.mx\/index.php?rest_route=\/wp\/v2\/pages"}],"about":[{"href":"https:\/\/autoridaddelpatrimoniocultural.campeche.gob.mx\/index.php?rest_route=\/wp\/v2\/types\/page"}],"author":[{"embeddable":true,"href":"https:\/\/autoridaddelpatrimoniocultural.campeche.gob.mx\/index.php?rest_route=\/wp\/v2\/users\/3"}],"replies":[{"embeddable":true,"href":"https:\/\/autoridaddelpatrimoniocultural.campeche.gob.mx\/index.php?rest_route=%2Fwp%2Fv2%2Fcomments&post=6741"}],"version-history":[{"count":5,"href":"https:\/\/autoridaddelpatrimoniocultural.campeche.gob.mx\/index.php?rest_route=\/wp\/v2\/pages\/6741\/revisions"}],"predecessor-version":[{"id":6791,"href":"https:\/\/autoridaddelpatrimoniocultural.campeche.gob.mx\/index.php?rest_route=\/wp\/v2\/pages\/6741\/revisions\/6791"}],"wp:attachment":[{"href":"https:\/\/autoridaddelpatrimoniocultural.campeche.gob.mx\/index.php?rest_route=%2Fwp%2Fv2%2Fmedia&parent=6741"}],"curies":[{"name":"wp","href":"https:\/\/api.w.org\/{rel}","templated":true}]}}