{"id":6739,"date":"2025-05-07T11:39:38","date_gmt":"2025-05-07T17:39:38","guid":{"rendered":"https:\/\/autoridaddelpatrimoniocultural.campeche.gob.mx\/?page_id=6739"},"modified":"2025-05-09T10:53:53","modified_gmt":"2025-05-09T16:53:53","slug":"estacion-barrio-de-santa-lucia","status":"publish","type":"page","link":"https:\/\/autoridaddelpatrimoniocultural.campeche.gob.mx\/?page_id=6739","title":{"rendered":"ESTACI\u00d3N BARRIO DE SANTA LUC\u00cdA"},"content":{"rendered":"\n<figure class=\"wp-block-image size-large\"><img loading=\"lazy\" decoding=\"async\" width=\"1024\" height=\"576\" src=\"https:\/\/autoridaddelpatrimoniocultural.campeche.gob.mx\/wp-content\/uploads\/2025\/05\/WhatsApp-Image-2025-05-08-at-9.55.24-AM-1024x576.jpeg\" alt=\"\" class=\"wp-image-6769\" srcset=\"https:\/\/autoridaddelpatrimoniocultural.campeche.gob.mx\/wp-content\/uploads\/2025\/05\/WhatsApp-Image-2025-05-08-at-9.55.24-AM-980x551.jpeg 980w, https:\/\/autoridaddelpatrimoniocultural.campeche.gob.mx\/wp-content\/uploads\/2025\/05\/WhatsApp-Image-2025-05-08-at-9.55.24-AM-480x270.jpeg 480w\" sizes=\"(min-width: 0px) and (max-width: 480px) 480px, (min-width: 481px) and (max-width: 980px) 980px, (min-width: 981px) 1024px, 100vw\" \/><\/figure>\n\n\n\n<p>La portada de la iglesia de caracter\u00edstica sobria, est\u00e1 elaborada en canter\u00eda con muros laterales apoyados por contrafuertes,<br>su interior es muy sencillo compuesto por una sola nave con un techo abovedado de viguer\u00eda que forma un ca\u00f1\u00f3n corrido que le otorga una elegancia austera.<\/p>\n\n\n\n<p>La estaci\u00f3n Barrio de Santa Luc\u00eda se encuentra sobre el camino de las antiguas v\u00edas del Ferrocarril del Sureste sobre una ruta confinada en donde el usuario disfruta un atractivo paisaje urbano.<\/p>\n\n\n\n<p>Santa Luc\u00eda es uno de los seis barrios tradicionales que conforman el \u00e1rea extramuros de la Ciudad Hist\u00f3rica Fortificada, habitado desde la conquista conserva un encanto \u00fanico, se erigi\u00f3 una iglesia, un convento y un parque.<\/p>\n\n\n\n<p>La fachada principal del inmueble religioso presenta un acceso formado por un arco de medio punto dovelado que descansa sobre columnas toscanas; el conjunto est\u00e1 coronado por una ventana coral, y en la parte superior, por una espada\u00f1a de forma mixtil\u00ednea, que alberga cuatro vanos con arcos de medio punto que funcionan como campanarios. A los lados de la espada\u00f1a se aprecian remates piramidales que realzan su dise\u00f1o arquitect\u00f3nico.<\/p>\n\n\n\n<p>COORDINACI\u00d3N<br>Ro Olvera Salinas<\/p>\n\n\n\n<p>INVESTIGACI\u00d3N<br>Karina Gra\u00f1a Sandoval<\/p>\n\n\n\n<p>TEXTOS<br>Ro Olvera Salinas<br>Karina Gra\u00f1a Sandoval<\/p>\n\n\n\n<p>APOYO T\u00c9CNICO<br>Yajaira Barbabosa Cruz<\/p>\n\n\n\n<p>EDICI\u00d3N Y DISE\u00d1O<br>Enrique S\u00e1nchez Que<br>Melina Ortiz Arjona<\/p>\n","protected":false},"excerpt":{"rendered":"<p>La portada de la iglesia de caracter\u00edstica sobria, est\u00e1 elaborada en canter\u00eda con muros laterales apoyados por contrafuertes,su interior es muy sencillo compuesto por una sola nave con un techo abovedado de viguer\u00eda que forma un ca\u00f1\u00f3n corrido que le otorga una elegancia austera. La estaci\u00f3n Barrio de Santa Luc\u00eda se encuentra sobre el camino [&hellip;]<\/p>\n","protected":false},"author":3,"featured_media":0,"parent":0,"menu_order":0,"comment_status":"closed","ping_status":"closed","template":"","meta":{"_acf_changed":false,"_et_pb_use_builder":"off","_et_pb_old_content":"","_et_gb_content_width":"","footnotes":""},"acf":[],"_links":{"self":[{"href":"https:\/\/autoridaddelpatrimoniocultural.campeche.gob.mx\/index.php?rest_route=\/wp\/v2\/pages\/6739"}],"collection":[{"href":"https:\/\/autoridaddelpatrimoniocultural.campeche.gob.mx\/index.php?rest_route=\/wp\/v2\/pages"}],"about":[{"href":"https:\/\/autoridaddelpatrimoniocultural.campeche.gob.mx\/index.php?rest_route=\/wp\/v2\/types\/page"}],"author":[{"embeddable":true,"href":"https:\/\/autoridaddelpatrimoniocultural.campeche.gob.mx\/index.php?rest_route=\/wp\/v2\/users\/3"}],"replies":[{"embeddable":true,"href":"https:\/\/autoridaddelpatrimoniocultural.campeche.gob.mx\/index.php?rest_route=%2Fwp%2Fv2%2Fcomments&post=6739"}],"version-history":[{"count":4,"href":"https:\/\/autoridaddelpatrimoniocultural.campeche.gob.mx\/index.php?rest_route=\/wp\/v2\/pages\/6739\/revisions"}],"predecessor-version":[{"id":6812,"href":"https:\/\/autoridaddelpatrimoniocultural.campeche.gob.mx\/index.php?rest_route=\/wp\/v2\/pages\/6739\/revisions\/6812"}],"wp:attachment":[{"href":"https:\/\/autoridaddelpatrimoniocultural.campeche.gob.mx\/index.php?rest_route=%2Fwp%2Fv2%2Fmedia&parent=6739"}],"curies":[{"name":"wp","href":"https:\/\/api.w.org\/{rel}","templated":true}]}}