{"id":6737,"date":"2025-05-07T11:39:06","date_gmt":"2025-05-07T17:39:06","guid":{"rendered":"https:\/\/autoridaddelpatrimoniocultural.campeche.gob.mx\/?page_id=6737"},"modified":"2025-05-09T10:49:34","modified_gmt":"2025-05-09T16:49:34","slug":"estacion-gobernadores","status":"publish","type":"page","link":"https:\/\/autoridaddelpatrimoniocultural.campeche.gob.mx\/?page_id=6737","title":{"rendered":"ESTACI\u00d3N GOBERNADORES"},"content":{"rendered":"\n<figure class=\"wp-block-image size-large\"><img loading=\"lazy\" decoding=\"async\" width=\"1024\" height=\"576\" src=\"https:\/\/autoridaddelpatrimoniocultural.campeche.gob.mx\/wp-content\/uploads\/2025\/05\/WhatsApp-Image-2025-05-08-at-9.55.16-AM-1024x576.jpeg\" alt=\"\" class=\"wp-image-6767\" srcset=\"https:\/\/autoridaddelpatrimoniocultural.campeche.gob.mx\/wp-content\/uploads\/2025\/05\/WhatsApp-Image-2025-05-08-at-9.55.16-AM-980x551.jpeg 980w, https:\/\/autoridaddelpatrimoniocultural.campeche.gob.mx\/wp-content\/uploads\/2025\/05\/WhatsApp-Image-2025-05-08-at-9.55.16-AM-480x270.jpeg 480w\" sizes=\"(min-width: 0px) and (max-width: 480px) 480px, (min-width: 481px) and (max-width: 980px) 980px, (min-width: 981px) 1024px, 100vw\" \/><\/figure>\n\n\n\n<p>Los tres rostros de gobernadores del Estado de Campeche ejemplifican a los diversos mandatarios que han gobernado este territorio desde Pablo Garc\u00eda y Montilla hasta el mandato de Jos\u00e9 Ortiz \u00c1vila; entre ellos se distingue el perfil de Tom\u00e1s Aznar Barbachano, segundo gobernador constitucional del estado que brill\u00f3 notablemente en la docencia,<br>la pol\u00edtica y las letras.<\/p>\n\n\n\n<p>La estaci\u00f3n toma su nombre de la Avenida Gobernadores, que honra a los diversos representantes del poder ejecutivo del estado; esta vialidad, cargada de historia, forma parte de la memoria colectiva de los habitantes de la ciudad. La ubicaci\u00f3n de la estaci\u00f3n es estrat\u00e9gica, ya que se encuentra en un punto de alta afluencia sobre el trazo que alguna vez ocup\u00f3 el antiguo ferrocarril, reforzando su pertinencia como parte de la infraestructura urbana actual.<\/p>\n\n\n\n<p>Esta importante arteria vial es transitada por la mayor\u00eda de las rutas de transporte p\u00fablico, funciona como un eje clave para los habitantes que se desplazan diariamente del norte de la ciudad al Centro Hist\u00f3rico.<\/p>\n\n\n\n<p>COORDINACI\u00d3N<br>Ro Olvera Salinas<\/p>\n\n\n\n<p>INVESTIGACI\u00d3N<br>Karina Gra\u00f1a Sandoval<\/p>\n\n\n\n<p>TEXTOS<br>Ro Olvera Salinas<br>Karina Gra\u00f1a Sandoval<\/p>\n\n\n\n<p>APOYO T\u00c9CNICO<br>Yajaira Barbabosa Cruz<\/p>\n\n\n\n<p>EDICI\u00d3N Y DISE\u00d1O<br>Enrique S\u00e1nchez Que<br>Melina Ortiz Arjona<\/p>\n","protected":false},"excerpt":{"rendered":"<p>Los tres rostros de gobernadores del Estado de Campeche ejemplifican a los diversos mandatarios que han gobernado este territorio desde Pablo Garc\u00eda y Montilla hasta el mandato de Jos\u00e9 Ortiz \u00c1vila; entre ellos se distingue el perfil de Tom\u00e1s Aznar Barbachano, segundo gobernador constitucional del estado que brill\u00f3 notablemente en la docencia,la pol\u00edtica y las [&hellip;]<\/p>\n","protected":false},"author":3,"featured_media":0,"parent":0,"menu_order":0,"comment_status":"closed","ping_status":"closed","template":"","meta":{"_acf_changed":false,"_et_pb_use_builder":"off","_et_pb_old_content":"","_et_gb_content_width":"","footnotes":""},"acf":[],"_links":{"self":[{"href":"https:\/\/autoridaddelpatrimoniocultural.campeche.gob.mx\/index.php?rest_route=\/wp\/v2\/pages\/6737"}],"collection":[{"href":"https:\/\/autoridaddelpatrimoniocultural.campeche.gob.mx\/index.php?rest_route=\/wp\/v2\/pages"}],"about":[{"href":"https:\/\/autoridaddelpatrimoniocultural.campeche.gob.mx\/index.php?rest_route=\/wp\/v2\/types\/page"}],"author":[{"embeddable":true,"href":"https:\/\/autoridaddelpatrimoniocultural.campeche.gob.mx\/index.php?rest_route=\/wp\/v2\/users\/3"}],"replies":[{"embeddable":true,"href":"https:\/\/autoridaddelpatrimoniocultural.campeche.gob.mx\/index.php?rest_route=%2Fwp%2Fv2%2Fcomments&post=6737"}],"version-history":[{"count":4,"href":"https:\/\/autoridaddelpatrimoniocultural.campeche.gob.mx\/index.php?rest_route=\/wp\/v2\/pages\/6737\/revisions"}],"predecessor-version":[{"id":6807,"href":"https:\/\/autoridaddelpatrimoniocultural.campeche.gob.mx\/index.php?rest_route=\/wp\/v2\/pages\/6737\/revisions\/6807"}],"wp:attachment":[{"href":"https:\/\/autoridaddelpatrimoniocultural.campeche.gob.mx\/index.php?rest_route=%2Fwp%2Fv2%2Fmedia&parent=6737"}],"curies":[{"name":"wp","href":"https:\/\/api.w.org\/{rel}","templated":true}]}}