{"id":6735,"date":"2025-05-07T11:38:38","date_gmt":"2025-05-07T17:38:38","guid":{"rendered":"https:\/\/autoridaddelpatrimoniocultural.campeche.gob.mx\/?page_id=6735"},"modified":"2025-05-09T10:50:13","modified_gmt":"2025-05-09T16:50:13","slug":"estacion-cuatro-caminos","status":"publish","type":"page","link":"https:\/\/autoridaddelpatrimoniocultural.campeche.gob.mx\/?page_id=6735","title":{"rendered":"ESTACI\u00d3N CUATRO CAMINOS"},"content":{"rendered":"\n<figure class=\"wp-block-image size-large\"><img loading=\"lazy\" decoding=\"async\" width=\"1024\" height=\"576\" src=\"https:\/\/autoridaddelpatrimoniocultural.campeche.gob.mx\/wp-content\/uploads\/2025\/05\/WhatsApp-Image-2025-05-08-at-9.55.08-AM-1024x576.jpeg\" alt=\"\" class=\"wp-image-6765\" srcset=\"https:\/\/autoridaddelpatrimoniocultural.campeche.gob.mx\/wp-content\/uploads\/2025\/05\/WhatsApp-Image-2025-05-08-at-9.55.08-AM-980x551.jpeg 980w, https:\/\/autoridaddelpatrimoniocultural.campeche.gob.mx\/wp-content\/uploads\/2025\/05\/WhatsApp-Image-2025-05-08-at-9.55.08-AM-480x270.jpeg 480w\" sizes=\"(min-width: 0px) and (max-width: 480px) 480px, (min-width: 481px) and (max-width: 980px) 980px, (min-width: 981px) 1024px, 100vw\" \/><\/figure>\n\n\n\n<p>El inmueble es una composici\u00f3n de tres conjuntos principales de edificios rectangulares, se caracteriza por su sencillez, sobresale por su volumen la estaci\u00f3n central, que cuenta con una doble altura, lo que le otorga una mayor sensaci\u00f3n de amplitud y espacialidad. El inmueble est\u00e1 rematado por una crester\u00eda ondulada y con molduras simples.<\/p>\n\n\n\n<p>Dentro del pol\u00edgono correspondiente a Cuatro Caminos se encuentra la estaci\u00f3n del Tren Ligero, la cual favorece una mejor comunicaci\u00f3n con el contexto urbano, facilita la movilidad a los servicios p\u00fablicos y beneficia a los habitantes de las colonias perif\u00e9ricas.<\/p>\n\n\n\n<p>En este espacio se encuentra la Antigua Estaci\u00f3n Cuatro Caminos, inmueble representativo de los primeros a\u00f1os de la arquitectura moderna en Campeche, constituye una pieza importante del patrimonio ferroviario de la ciudad, y su historia est\u00e1 relacionada con el desarrollo del proyecto conocido como Ferrocarril del Sureste, infraestructura que tuvo el prop\u00f3sito de conectar al estado con la red de ferrocarriles nacionales. En el marco de las celebraciones por los 399 a\u00f1os de la fundaci\u00f3n de Campeche, el entonces gobernador del estado, H\u00e9ctor P\u00e9rez Mart\u00ednez, marc\u00f3 un hito hist\u00f3rico al colocar la primera piedra de esta estaci\u00f3n, un acto simb\u00f3lico que busc\u00f3 subrayar la importancia del este medio de transporte como motor de progreso y modernidad.<\/p>\n\n\n\n<p>COORDINACI\u00d3N<br>Ro Olvera Salinas<\/p>\n\n\n\n<p>INVESTIGACI\u00d3N<br>Karina Gra\u00f1a Sandoval<\/p>\n\n\n\n<p>TEXTOS<br>Ro Olvera Salinas<br>Karina Gra\u00f1a Sandoval<\/p>\n\n\n\n<p>APOYO T\u00c9CNICO<br>Yajaira Barbabosa Cruz<\/p>\n\n\n\n<p>EDICI\u00d3N Y DISE\u00d1O<br>Enrique S\u00e1nchez Que<br>Melina Ortiz Arjona<\/p>\n","protected":false},"excerpt":{"rendered":"<p>El inmueble es una composici\u00f3n de tres conjuntos principales de edificios rectangulares, se caracteriza por su sencillez, sobresale por su volumen la estaci\u00f3n central, que cuenta con una doble altura, lo que le otorga una mayor sensaci\u00f3n de amplitud y espacialidad. El inmueble est\u00e1 rematado por una crester\u00eda ondulada y con molduras simples. Dentro del [&hellip;]<\/p>\n","protected":false},"author":3,"featured_media":0,"parent":0,"menu_order":0,"comment_status":"closed","ping_status":"closed","template":"","meta":{"_acf_changed":false,"_et_pb_use_builder":"off","_et_pb_old_content":"","_et_gb_content_width":"","footnotes":""},"acf":[],"_links":{"self":[{"href":"https:\/\/autoridaddelpatrimoniocultural.campeche.gob.mx\/index.php?rest_route=\/wp\/v2\/pages\/6735"}],"collection":[{"href":"https:\/\/autoridaddelpatrimoniocultural.campeche.gob.mx\/index.php?rest_route=\/wp\/v2\/pages"}],"about":[{"href":"https:\/\/autoridaddelpatrimoniocultural.campeche.gob.mx\/index.php?rest_route=\/wp\/v2\/types\/page"}],"author":[{"embeddable":true,"href":"https:\/\/autoridaddelpatrimoniocultural.campeche.gob.mx\/index.php?rest_route=\/wp\/v2\/users\/3"}],"replies":[{"embeddable":true,"href":"https:\/\/autoridaddelpatrimoniocultural.campeche.gob.mx\/index.php?rest_route=%2Fwp%2Fv2%2Fcomments&post=6735"}],"version-history":[{"count":4,"href":"https:\/\/autoridaddelpatrimoniocultural.campeche.gob.mx\/index.php?rest_route=\/wp\/v2\/pages\/6735\/revisions"}],"predecessor-version":[{"id":6808,"href":"https:\/\/autoridaddelpatrimoniocultural.campeche.gob.mx\/index.php?rest_route=\/wp\/v2\/pages\/6735\/revisions\/6808"}],"wp:attachment":[{"href":"https:\/\/autoridaddelpatrimoniocultural.campeche.gob.mx\/index.php?rest_route=%2Fwp%2Fv2%2Fmedia&parent=6735"}],"curies":[{"name":"wp","href":"https:\/\/api.w.org\/{rel}","templated":true}]}}