{"id":6727,"date":"2025-05-07T11:36:31","date_gmt":"2025-05-07T17:36:31","guid":{"rendered":"https:\/\/autoridaddelpatrimoniocultural.campeche.gob.mx\/?page_id=6727"},"modified":"2025-05-09T10:53:03","modified_gmt":"2025-05-09T16:53:03","slug":"estacion-campus-uacam","status":"publish","type":"page","link":"https:\/\/autoridaddelpatrimoniocultural.campeche.gob.mx\/?page_id=6727","title":{"rendered":"ESTACI\u00d3N CAMPUS UACAM"},"content":{"rendered":"\n<figure class=\"wp-block-image size-large\"><img loading=\"lazy\" decoding=\"async\" width=\"1024\" height=\"576\" src=\"https:\/\/autoridaddelpatrimoniocultural.campeche.gob.mx\/wp-content\/uploads\/2025\/05\/WhatsApp-Image-2025-05-08-at-9.54.22-AM-1024x576.jpeg\" alt=\"\" class=\"wp-image-6757\" srcset=\"https:\/\/autoridaddelpatrimoniocultural.campeche.gob.mx\/wp-content\/uploads\/2025\/05\/WhatsApp-Image-2025-05-08-at-9.54.22-AM-980x551.jpeg 980w, https:\/\/autoridaddelpatrimoniocultural.campeche.gob.mx\/wp-content\/uploads\/2025\/05\/WhatsApp-Image-2025-05-08-at-9.54.22-AM-480x270.jpeg 480w\" sizes=\"(min-width: 0px) and (max-width: 480px) 480px, (min-width: 481px) and (max-width: 980px) 980px, (min-width: 981px) 1024px, 100vw\" \/><\/figure>\n\n\n\n<p>El microscopio distingue la vocaci\u00f3n cient\u00edfica del Campus 6 de la UACAM en el que se encuentra el Centro de Investigaci\u00f3n en Corrosi\u00f3n, el Instituto de Ecolog\u00eda, Pesquer\u00edas y Oceanograf\u00eda del Golfo de M\u00e9xico, el Centro de Estudios en Desarrollo Sustentable y Aprovechamiento de la Vida Silvestre, as\u00ed como la Coordinaci\u00f3n de Sustentabilidad Yuum K&#8217;\u00e1ax.<\/p>\n\n\n\n<p>Esta estaci\u00f3n construida sobre la Avenida H\u00e9roe de Nacozari se ubica frente al Campus 6 de la Universidad Aut\u00f3noma de Campeche (UACAM), de donde toma su nombre; parada que constituye un eje importante para la movilidad de los docentes, administrativos, personal en general y estudiantes que diariamente acuden al centro de estudios, quienes actualmente cuentan con opciones limitadas de transporte p\u00fablico.<\/p>\n\n\n\n<p>Esta zona es un \u00e1rea en crecimiento con vocaci\u00f3n comercial y administrativa, cuyo desarrollo est\u00e1 impulsado por el paso del Tren Ligero. Entre las instituciones cercanas destacan la Sala de Juicios Orales y el Laboratorio Central de Patolog\u00eda Animal de Campeche.<\/p>\n\n\n\n<p>COORDINACI\u00d3N<br>Ro Olvera Salinas<\/p>\n\n\n\n<p>INVESTIGACI\u00d3N<br>Karina Gra\u00f1a Sandoval<\/p>\n\n\n\n<p>TEXTOS<br>Ro Olvera Salinas<br>Karina Gra\u00f1a Sandoval<\/p>\n\n\n\n<p>APOYO T\u00c9CNICO<br>Yajaira Barbabosa Cruz<\/p>\n\n\n\n<p>EDICI\u00d3N Y DISE\u00d1O<br>Enrique S\u00e1nchez Que<br>Melina Ortiz Arjona<\/p>\n","protected":false},"excerpt":{"rendered":"<p>El microscopio distingue la vocaci\u00f3n cient\u00edfica del Campus 6 de la UACAM en el que se encuentra el Centro de Investigaci\u00f3n en Corrosi\u00f3n, el Instituto de Ecolog\u00eda, Pesquer\u00edas y Oceanograf\u00eda del Golfo de M\u00e9xico, el Centro de Estudios en Desarrollo Sustentable y Aprovechamiento de la Vida Silvestre, as\u00ed como la Coordinaci\u00f3n de Sustentabilidad Yuum K&#8217;\u00e1ax. [&hellip;]<\/p>\n","protected":false},"author":3,"featured_media":0,"parent":0,"menu_order":0,"comment_status":"closed","ping_status":"closed","template":"","meta":{"_acf_changed":false,"_et_pb_use_builder":"off","_et_pb_old_content":"","_et_gb_content_width":"","footnotes":""},"acf":[],"_links":{"self":[{"href":"https:\/\/autoridaddelpatrimoniocultural.campeche.gob.mx\/index.php?rest_route=\/wp\/v2\/pages\/6727"}],"collection":[{"href":"https:\/\/autoridaddelpatrimoniocultural.campeche.gob.mx\/index.php?rest_route=\/wp\/v2\/pages"}],"about":[{"href":"https:\/\/autoridaddelpatrimoniocultural.campeche.gob.mx\/index.php?rest_route=\/wp\/v2\/types\/page"}],"author":[{"embeddable":true,"href":"https:\/\/autoridaddelpatrimoniocultural.campeche.gob.mx\/index.php?rest_route=\/wp\/v2\/users\/3"}],"replies":[{"embeddable":true,"href":"https:\/\/autoridaddelpatrimoniocultural.campeche.gob.mx\/index.php?rest_route=%2Fwp%2Fv2%2Fcomments&post=6727"}],"version-history":[{"count":4,"href":"https:\/\/autoridaddelpatrimoniocultural.campeche.gob.mx\/index.php?rest_route=\/wp\/v2\/pages\/6727\/revisions"}],"predecessor-version":[{"id":6811,"href":"https:\/\/autoridaddelpatrimoniocultural.campeche.gob.mx\/index.php?rest_route=\/wp\/v2\/pages\/6727\/revisions\/6811"}],"wp:attachment":[{"href":"https:\/\/autoridaddelpatrimoniocultural.campeche.gob.mx\/index.php?rest_route=%2Fwp%2Fv2%2Fmedia&parent=6727"}],"curies":[{"name":"wp","href":"https:\/\/api.w.org\/{rel}","templated":true}]}}