{"id":6725,"date":"2025-05-07T11:36:05","date_gmt":"2025-05-07T17:36:05","guid":{"rendered":"https:\/\/autoridaddelpatrimoniocultural.campeche.gob.mx\/?page_id=6725"},"modified":"2025-05-09T10:47:07","modified_gmt":"2025-05-09T16:47:07","slug":"estacion-periferico-pablo-garciaestacion","status":"publish","type":"page","link":"https:\/\/autoridaddelpatrimoniocultural.campeche.gob.mx\/?page_id=6725","title":{"rendered":"ESTACI\u00d3N PERIF\u00c9RICO PABLO GARC\u00cdA"},"content":{"rendered":"\n<figure class=\"wp-block-image size-large\"><img loading=\"lazy\" decoding=\"async\" width=\"1024\" height=\"576\" src=\"https:\/\/autoridaddelpatrimoniocultural.campeche.gob.mx\/wp-content\/uploads\/2025\/05\/WhatsApp-Image-2025-05-08-at-9.54.12-AM-1024x576.jpeg\" alt=\"\" class=\"wp-image-6755\" srcset=\"https:\/\/autoridaddelpatrimoniocultural.campeche.gob.mx\/wp-content\/uploads\/2025\/05\/WhatsApp-Image-2025-05-08-at-9.54.12-AM-980x551.jpeg 980w, https:\/\/autoridaddelpatrimoniocultural.campeche.gob.mx\/wp-content\/uploads\/2025\/05\/WhatsApp-Image-2025-05-08-at-9.54.12-AM-480x270.jpeg 480w\" sizes=\"(min-width: 0px) and (max-width: 480px) 480px, (min-width: 481px) and (max-width: 980px) 980px, (min-width: 981px) 1024px, 100vw\" \/><\/figure>\n\n\n\n<p>El nombre de la estaci\u00f3n rinde homenaje a Pablo Garc\u00eda y Montilla, primer gobernador constitucional del estado, quien asumi\u00f3 el cargo en 1863 tras la separaci\u00f3n pol\u00edtica de Campeche del estado de Yucat\u00e1n. Pol\u00edtico, acad\u00e9mico y periodista de corriente liberal, reconocido como uno de los l\u00edderes del movimiento separatista que logr\u00f3 la creaci\u00f3n del estado de Campeche durante el gobierno de Benito Ju\u00e1rez.<\/p>\n\n\n\n<p>Esta parada debe su nombre a la carretera federal 180, una de las m\u00e1s importante del pa\u00eds y por circundar a la ciudad de San Francisco de Campeche, a este tramo se le conoce como Perif\u00e9rico Pablo Garc\u00eda y Montilla.<\/p>\n\n\n\n<p>Esta arteria vial funciona como una delimitaci\u00f3n urbana, ya que en su interior se han desarrollado diversos fraccionamientos como la Unidad Habitacional Siglo XXI y el Fraccionamiento Ex Hacienda Kal\u00e1. En su parte exterior, conecta la ciudad con las comunidades de Chin\u00e1 y Castamay. Adem\u00e1s, facilita el desplazamiento de los habitantes de las colonias perif\u00e9ricas hacia las zonas centro, sur o norte de la ciudad.<\/p>\n\n\n\n<p>La estaci\u00f3n Perif\u00e9rico Pablo Garc\u00eda se ubica en el entronque que conecta esta vialidad con la Avenida H\u00e9roe de Nacozari hacia el interior y con la carretera al poblado de Chin\u00e1 hacia el exterior.<\/p>\n\n\n\n<p>COORDINACI\u00d3N<br>Ro Olvera Salinas<\/p>\n\n\n\n<p>INVESTIGACI\u00d3N<br>Karina Gra\u00f1a Sandoval<\/p>\n\n\n\n<p>TEXTOS<br>Ro Olvera Salinas<br>Karina Gra\u00f1a Sandoval<\/p>\n\n\n\n<p>APOYO T\u00c9CNICO<br>Yajaira Barbabosa Cruz<\/p>\n\n\n\n<p>EDICI\u00d3N Y DISE\u00d1O<br>Enrique S\u00e1nchez Que<br>Melina Ortiz Arjona<\/p>\n","protected":false},"excerpt":{"rendered":"<p>El nombre de la estaci\u00f3n rinde homenaje a Pablo Garc\u00eda y Montilla, primer gobernador constitucional del estado, quien asumi\u00f3 el cargo en 1863 tras la separaci\u00f3n pol\u00edtica de Campeche del estado de Yucat\u00e1n. Pol\u00edtico, acad\u00e9mico y periodista de corriente liberal, reconocido como uno de los l\u00edderes del movimiento separatista que logr\u00f3 la creaci\u00f3n del estado [&hellip;]<\/p>\n","protected":false},"author":3,"featured_media":0,"parent":0,"menu_order":0,"comment_status":"closed","ping_status":"closed","template":"","meta":{"_acf_changed":false,"_et_pb_use_builder":"off","_et_pb_old_content":"","_et_gb_content_width":"","footnotes":""},"acf":[],"_links":{"self":[{"href":"https:\/\/autoridaddelpatrimoniocultural.campeche.gob.mx\/index.php?rest_route=\/wp\/v2\/pages\/6725"}],"collection":[{"href":"https:\/\/autoridaddelpatrimoniocultural.campeche.gob.mx\/index.php?rest_route=\/wp\/v2\/pages"}],"about":[{"href":"https:\/\/autoridaddelpatrimoniocultural.campeche.gob.mx\/index.php?rest_route=\/wp\/v2\/types\/page"}],"author":[{"embeddable":true,"href":"https:\/\/autoridaddelpatrimoniocultural.campeche.gob.mx\/index.php?rest_route=\/wp\/v2\/users\/3"}],"replies":[{"embeddable":true,"href":"https:\/\/autoridaddelpatrimoniocultural.campeche.gob.mx\/index.php?rest_route=%2Fwp%2Fv2%2Fcomments&post=6725"}],"version-history":[{"count":5,"href":"https:\/\/autoridaddelpatrimoniocultural.campeche.gob.mx\/index.php?rest_route=\/wp\/v2\/pages\/6725\/revisions"}],"predecessor-version":[{"id":6804,"href":"https:\/\/autoridaddelpatrimoniocultural.campeche.gob.mx\/index.php?rest_route=\/wp\/v2\/pages\/6725\/revisions\/6804"}],"wp:attachment":[{"href":"https:\/\/autoridaddelpatrimoniocultural.campeche.gob.mx\/index.php?rest_route=%2Fwp%2Fv2%2Fmedia&parent=6725"}],"curies":[{"name":"wp","href":"https:\/\/api.w.org\/{rel}","templated":true}]}}