{"id":6723,"date":"2025-05-07T11:35:18","date_gmt":"2025-05-07T17:35:18","guid":{"rendered":"https:\/\/autoridaddelpatrimoniocultural.campeche.gob.mx\/?page_id=6723"},"modified":"2025-05-09T10:45:11","modified_gmt":"2025-05-09T16:45:11","slug":"estacion-siglo-xxi","status":"publish","type":"page","link":"https:\/\/autoridaddelpatrimoniocultural.campeche.gob.mx\/?page_id=6723","title":{"rendered":"ESTACI\u00d3N SIGLO XXI"},"content":{"rendered":"\n<figure class=\"wp-block-image size-large\"><img loading=\"lazy\" decoding=\"async\" width=\"1024\" height=\"576\" src=\"https:\/\/autoridaddelpatrimoniocultural.campeche.gob.mx\/wp-content\/uploads\/2025\/05\/WhatsApp-Image-2025-05-08-at-9.54.03-AM-1-1024x576.jpeg\" alt=\"\" class=\"wp-image-6753\" srcset=\"https:\/\/autoridaddelpatrimoniocultural.campeche.gob.mx\/wp-content\/uploads\/2025\/05\/WhatsApp-Image-2025-05-08-at-9.54.03-AM-1-980x551.jpeg 980w, https:\/\/autoridaddelpatrimoniocultural.campeche.gob.mx\/wp-content\/uploads\/2025\/05\/WhatsApp-Image-2025-05-08-at-9.54.03-AM-1-480x270.jpeg 480w\" sizes=\"(min-width: 0px) and (max-width: 480px) 480px, (min-width: 481px) and (max-width: 980px) 980px, (min-width: 981px) 1024px, 100vw\" \/><\/figure>\n\n\n\n<p>La imagen representa el desarrollo urbano Unidad Habitacional  Siglo XXI dise\u00f1ado para proporcionar viviendas con acceso a servicios p\u00fablicos que en su mayor\u00eda son resultado de prestaciones sociales, esta zona cuenta con infraestructura de educaci\u00f3n b\u00e1sica, comercios y \u00e1reas recreativas.<\/p>\n\n\n\n<p>Como estrategia de desarrollo urbano de la ciudad de San Francisco de Campeche se\u00a0\u00a0construy\u00f3 la Unidad Habitacional Siglo XXI la cual otorga el nombre a esta estaci\u00f3n. Ubicada al norte del aeropuerto Ingeniero Alberto Acu\u00f1a Ongay, esta zona cuenta con infraestructura de educaci\u00f3n b\u00e1sica, comercios y \u00e1reas recreativas. Sin embargo, al igual que en el resto de la ciudad, los servicios de movilidad son escasos.<\/p>\n\n\n\n<p>Desde este punto el tiempo estimado de espera y traslado en autob\u00fas al Centro Hist\u00f3rico es de 40 minutos, por lo que la estaci\u00f3n del Tren Ligero Siglo XXI ofrecer\u00e1 a los habitantes un medio de transporte p\u00fablico, r\u00e1pido, moderno, accesible y eficiente, facilitando sus desplazamientos al centro de la ciudad para atender sus necesidades laborales, escolares, comerciales, administrativas, recreativas y culturales.<\/p>\n\n\n\n<p>COORDINACI\u00d3N<br>Ro Olvera Salinas<\/p>\n\n\n\n<p>INVESTIGACI\u00d3N<br>Karina Gra\u00f1a Sandoval<\/p>\n\n\n\n<p>TEXTOS<br>Ro Olvera Salinas<br>Karina Gra\u00f1a Sandoval<\/p>\n\n\n\n<p>APOYO T\u00c9CNICO<br>Yajaira Barbabosa Cruz<\/p>\n\n\n\n<p>EDICI\u00d3N Y DISE\u00d1O<br>Enrique S\u00e1nchez Que<br>Melina Ortiz Arjona<\/p>\n","protected":false},"excerpt":{"rendered":"<p>La imagen representa el desarrollo urbano Unidad Habitacional Siglo XXI dise\u00f1ado para proporcionar viviendas con acceso a servicios p\u00fablicos que en su mayor\u00eda son resultado de prestaciones sociales, esta zona cuenta con infraestructura de educaci\u00f3n b\u00e1sica, comercios y \u00e1reas recreativas. Como estrategia de desarrollo urbano de la ciudad de San Francisco de Campeche se\u00a0\u00a0construy\u00f3 la [&hellip;]<\/p>\n","protected":false},"author":3,"featured_media":6752,"parent":0,"menu_order":0,"comment_status":"closed","ping_status":"closed","template":"","meta":{"_acf_changed":false,"_et_pb_use_builder":"off","_et_pb_old_content":"","_et_gb_content_width":"","footnotes":""},"acf":[],"_links":{"self":[{"href":"https:\/\/autoridaddelpatrimoniocultural.campeche.gob.mx\/index.php?rest_route=\/wp\/v2\/pages\/6723"}],"collection":[{"href":"https:\/\/autoridaddelpatrimoniocultural.campeche.gob.mx\/index.php?rest_route=\/wp\/v2\/pages"}],"about":[{"href":"https:\/\/autoridaddelpatrimoniocultural.campeche.gob.mx\/index.php?rest_route=\/wp\/v2\/types\/page"}],"author":[{"embeddable":true,"href":"https:\/\/autoridaddelpatrimoniocultural.campeche.gob.mx\/index.php?rest_route=\/wp\/v2\/users\/3"}],"replies":[{"embeddable":true,"href":"https:\/\/autoridaddelpatrimoniocultural.campeche.gob.mx\/index.php?rest_route=%2Fwp%2Fv2%2Fcomments&post=6723"}],"version-history":[{"count":4,"href":"https:\/\/autoridaddelpatrimoniocultural.campeche.gob.mx\/index.php?rest_route=\/wp\/v2\/pages\/6723\/revisions"}],"predecessor-version":[{"id":6802,"href":"https:\/\/autoridaddelpatrimoniocultural.campeche.gob.mx\/index.php?rest_route=\/wp\/v2\/pages\/6723\/revisions\/6802"}],"wp:featuredmedia":[{"embeddable":true,"href":"https:\/\/autoridaddelpatrimoniocultural.campeche.gob.mx\/index.php?rest_route=\/wp\/v2\/media\/6752"}],"wp:attachment":[{"href":"https:\/\/autoridaddelpatrimoniocultural.campeche.gob.mx\/index.php?rest_route=%2Fwp%2Fv2%2Fmedia&parent=6723"}],"curies":[{"name":"wp","href":"https:\/\/api.w.org\/{rel}","templated":true}]}}