{"id":6694,"date":"2025-05-05T17:48:07","date_gmt":"2025-05-05T23:48:07","guid":{"rendered":"https:\/\/autoridaddelpatrimoniocultural.campeche.gob.mx\/?page_id=6694"},"modified":"2025-05-09T10:46:19","modified_gmt":"2025-05-09T16:46:19","slug":"estacion-tren-maya","status":"publish","type":"page","link":"https:\/\/autoridaddelpatrimoniocultural.campeche.gob.mx\/?page_id=6694","title":{"rendered":"ESTACI\u00d3N TREN MAYA"},"content":{"rendered":"\n<figure class=\"wp-block-image size-large\"><img loading=\"lazy\" decoding=\"async\" width=\"1024\" height=\"576\" src=\"https:\/\/autoridaddelpatrimoniocultural.campeche.gob.mx\/wp-content\/uploads\/2025\/05\/tren-maya-tl-1024x576.png\" alt=\"\" class=\"wp-image-6696\" srcset=\"https:\/\/autoridaddelpatrimoniocultural.campeche.gob.mx\/wp-content\/uploads\/2025\/05\/tren-maya-tl-1024x576.png 1024w, https:\/\/autoridaddelpatrimoniocultural.campeche.gob.mx\/wp-content\/uploads\/2025\/05\/tren-maya-tl-980x551.png 980w, https:\/\/autoridaddelpatrimoniocultural.campeche.gob.mx\/wp-content\/uploads\/2025\/05\/tren-maya-tl-480x270.png 480w\" sizes=\"(min-width: 0px) and (max-width: 480px) 480px, (min-width: 481px) and (max-width: 980px) 980px, (min-width: 981px) 1024px, 100vw\" \/><\/figure>\n\n\n\n<p>La imagen de Kukulk\u00e1n se plasma como una deidad del pante\u00f3n maya representado por una serpiente emplumada, creador de la lluvia, el viento, las tormentas y la vida, su culto se encuentra en la cosmovisi\u00f3n de varios de los pueblos mesoamericanos.<\/p>\n\n\n\n<p>Los pasajeros del Tren Maya que arriban a San Francisco de Campeche descienden en la estaci\u00f3n ubicada sobre el Perif\u00e9rico Pablo Garc\u00eda y Montilla, a 15 kil\u00f3metros del Centro Hist\u00f3rico, lo que equivale a un trayecto de aproximadamente 23 minutos en veh\u00edculo por la Avenida H\u00e9roe de Nacozari.<\/p>\n\n\n\n<p>El nombre y la imagen de este megaproyecto de infraestructura ferroviaria est\u00e1n inspirados en la cultura maya, que habit\u00f3 los territorios de la Pen\u00ednsula de Yucat\u00e1n, Chiapas y Tabasco entre el 2000 a.C. y el 1500 d.C. Su legado arquitect\u00f3nico se preserva en sitios arqueol\u00f3gicos como Edzn\u00e1, mientras que su herencia cultural inmaterial, transmitida de forma oral, sigue viva y define la identidad de los pueblos mayas que se pueden visitar a lo largo de la ruta del tren.<\/p>\n\n\n\n<p>Como parte de este proyecto prioritario, la ruta Campeche-M\u00e9rida-Canc\u00fan fue la primera en inaugurarse, el 15 de diciembre de 2023. La estaci\u00f3n es un edificio moderno dise\u00f1ado por los arquitectos Gabriela Bojalil R\u00e9bora y Paulus Van der Voort de la Oficina de Arqui- tectura DAFDF Arquitectura y Urbanismo a solicitud de Mota-Engil M\u00e9xico, consorcio encargado de la construcci\u00f3n.<\/p>\n\n\n\n<p>&#8220;La estaci\u00f3n es una estructura en doble nivel\u2026el nivel inferior con acceso a los andenes y zonas t\u00e9cnicas est\u00e1 construido en contenciones de concreto. La planta baja y fachadas de celos\u00eda en concreto polim\u00e9rico son color tierra, el nivel superior con el vest\u00edbulo principal es una estructura de acero\u2026las columnas redondeadas sostienen el techo blanco y ligero fabricado con paneles de aislamiento t\u00e9rmico, con formas triangulares referente a la historia mar\u00edtima del lugar&#8221;. Cabe destacar que uno de los objetivos del Plan Nacional de Gobierno de la presidenta Claudia Sheinbaum Pardo es consolidar este proyecto en beneficio de los habitantes del sureste mexicano.<\/p>\n\n\n\n<p>La imagen que identifica al Tren Maya a nivel regional, nacional e internacional &#8220;representa a Kukulk\u00e1n, deidad maya que asciende para llevarnos en un viaje por la historia, la tradici\u00f3n y la cultura de la Pen\u00ednsula de Yucat\u00e1n&#8221;.<\/p>\n\n\n\n<p>COORDINACI\u00d3N<br>Ro Olvera Salinas<\/p>\n\n\n\n<p>INVESTIGACI\u00d3N<br>Karina Gra\u00f1a Sandoval<\/p>\n\n\n\n<p>TEXTOS<br>Ro Olvera Salinas<br>Karina Gra\u00f1a Sandoval<\/p>\n\n\n\n<p>APOYO T\u00c9CNICO<br>Yajaira Barbabosa Cruz<\/p>\n\n\n\n<p>EDICI\u00d3N Y DISE\u00d1O<br>Enrique S\u00e1nchez Que<br>Melina Ortiz Arjona<\/p>\n","protected":false},"excerpt":{"rendered":"<p>La imagen de Kukulk\u00e1n se plasma como una deidad del pante\u00f3n maya representado por una serpiente emplumada, creador de la lluvia, el viento, las tormentas y la vida, su culto se encuentra en la cosmovisi\u00f3n de varios de los pueblos mesoamericanos. Los pasajeros del Tren Maya que arriban a San Francisco de Campeche descienden en [&hellip;]<\/p>\n","protected":false},"author":3,"featured_media":6696,"parent":0,"menu_order":0,"comment_status":"closed","ping_status":"closed","template":"","meta":{"_acf_changed":false,"_et_pb_use_builder":"","_et_pb_old_content":"","_et_gb_content_width":"","footnotes":""},"acf":[],"_links":{"self":[{"href":"https:\/\/autoridaddelpatrimoniocultural.campeche.gob.mx\/index.php?rest_route=\/wp\/v2\/pages\/6694"}],"collection":[{"href":"https:\/\/autoridaddelpatrimoniocultural.campeche.gob.mx\/index.php?rest_route=\/wp\/v2\/pages"}],"about":[{"href":"https:\/\/autoridaddelpatrimoniocultural.campeche.gob.mx\/index.php?rest_route=\/wp\/v2\/types\/page"}],"author":[{"embeddable":true,"href":"https:\/\/autoridaddelpatrimoniocultural.campeche.gob.mx\/index.php?rest_route=\/wp\/v2\/users\/3"}],"replies":[{"embeddable":true,"href":"https:\/\/autoridaddelpatrimoniocultural.campeche.gob.mx\/index.php?rest_route=%2Fwp%2Fv2%2Fcomments&post=6694"}],"version-history":[{"count":5,"href":"https:\/\/autoridaddelpatrimoniocultural.campeche.gob.mx\/index.php?rest_route=\/wp\/v2\/pages\/6694\/revisions"}],"predecessor-version":[{"id":6803,"href":"https:\/\/autoridaddelpatrimoniocultural.campeche.gob.mx\/index.php?rest_route=\/wp\/v2\/pages\/6694\/revisions\/6803"}],"wp:featuredmedia":[{"embeddable":true,"href":"https:\/\/autoridaddelpatrimoniocultural.campeche.gob.mx\/index.php?rest_route=\/wp\/v2\/media\/6696"}],"wp:attachment":[{"href":"https:\/\/autoridaddelpatrimoniocultural.campeche.gob.mx\/index.php?rest_route=%2Fwp%2Fv2%2Fmedia&parent=6694"}],"curies":[{"name":"wp","href":"https:\/\/api.w.org\/{rel}","templated":true}]}}