{"id":6493,"date":"2024-05-21T10:09:56","date_gmt":"2024-05-21T16:09:56","guid":{"rendered":"https:\/\/autoridaddelpatrimoniocultural.campeche.gob.mx\/?page_id=6493"},"modified":"2025-05-09T12:06:42","modified_gmt":"2025-05-09T18:06:42","slug":"patrimonio-mueble","status":"publish","type":"page","link":"https:\/\/autoridaddelpatrimoniocultural.campeche.gob.mx\/?page_id=6493","title":{"rendered":"Patrimonio Mueble"},"content":{"rendered":"<p>[et_pb_section fb_built=&#8221;1&#8243; _builder_version=&#8221;4.25.0&#8243; _module_preset=&#8221;default&#8221; custom_padding=&#8221;||0px||false|false&#8221; global_colors_info=&#8221;{}&#8221;][et_pb_row _builder_version=&#8221;4.25.0&#8243; _module_preset=&#8221;default&#8221; global_colors_info=&#8221;{}&#8221;][et_pb_column type=&#8221;4_4&#8243; _builder_version=&#8221;4.25.0&#8243; _module_preset=&#8221;default&#8221; global_colors_info=&#8221;{}&#8221;][et_pb_text _builder_version=&#8221;4.27.4&#8243; _module_preset=&#8221;default&#8221; text_font=&#8221;|600|||||||&#8221; header_font=&#8221;|700|||||||&#8221; header_text_align=&#8221;center&#8221; header_text_color=&#8221;#691C32&#8243; header_font_size=&#8221;35px&#8221; global_colors_info=&#8221;{}&#8221;]<\/p>\n<section id=\"section-8-248\" class=\" ct-section\">\n<div class=\"ct-section-inner-wrap\">\n<h1 id=\"headline-11-248\" class=\"ct-headline hyperion-heading-two\"><span id=\"span-12-248\" class=\"ct-span\">Patrimonio Inmueble<\/span><\/h1>\n<\/div>\n<\/section>\n<section id=\"section-13-248\" class=\" ct-section\">\n<div class=\"ct-section-inner-wrap\"><\/div>\n<\/section>\n<p>[\/et_pb_text][et_pb_divider _builder_version=&#8221;4.25.0&#8243; _module_preset=&#8221;default&#8221; global_colors_info=&#8221;{}&#8221;][\/et_pb_divider][\/et_pb_column][\/et_pb_row][\/et_pb_section][et_pb_section fb_built=&#8221;1&#8243; _builder_version=&#8221;4.25.0&#8243; _module_preset=&#8221;default&#8221; custom_padding=&#8221;0px||||false|false&#8221; global_colors_info=&#8221;{}&#8221;][et_pb_row _builder_version=&#8221;4.25.0&#8243; _module_preset=&#8221;default&#8221; global_colors_info=&#8221;{}&#8221;][et_pb_column type=&#8221;4_4&#8243; _builder_version=&#8221;4.25.0&#8243; _module_preset=&#8221;default&#8221; global_colors_info=&#8221;{}&#8221;][et_pb_text _builder_version=&#8221;4.25.0&#8243; _module_preset=&#8221;default&#8221; text_text_color=&#8221;#53565A&#8221; text_font_size=&#8221;18px&#8221; custom_padding=&#8221;55px||0px|||&#8221; global_colors_info=&#8221;{}&#8221;]<\/p>\n<section id=\"section-13-248\" class=\" ct-section\">\n<div class=\"ct-section-inner-wrap\">\n<div id=\"text_block-14-248\" class=\"ct-text-block\" style=\"text-align: justify;\">\n<div id=\"div_block-486-248\" class=\"ct-div-block atomic-steps-1-wrapper\">\n<div id=\"div_block-490-248\" class=\"ct-div-block atomic-steps-1-text-wrapper\">\n<div id=\"text_block-492-248\" class=\"ct-text-block atomic-steps-1-text\">\n<div id=\"inner_content-180-12\" class=\"ct-inner-content\">\n<section id=\"section-484-248\" class=\" ct-section\">\n<div class=\"ct-section-inner-wrap\">\n<div id=\"div_block-557-248\" class=\"ct-div-block atomic-steps-1-wrapper\">\n<div id=\"div_block-560-248\" class=\"ct-div-block atomic-steps-1-text-wrapper\">\n<div id=\"text_block-562-248\" class=\"ct-text-block atomic-steps-1-text\">\n<div id=\"inner_content-180-12\" class=\"ct-inner-content\">\n<section id=\"section-13-248\" class=\" ct-section\">\n<div class=\"ct-section-inner-wrap\">\n<div id=\"text_block-14-248\" class=\"ct-text-block\">Se refiere a una manifestaci\u00f3n material, imposible de ser movida o trasladada: obras de la arquitectura civil, religiosa, militar, dom\u00e9stica, industrial, como as\u00ed tambi\u00e9n sitios hist\u00f3ricos, zonas u objetos arqueol\u00f3gicos, calles, puentes, viaductos, entre otros. Esta categor\u00eda adem\u00e1s incorpora a los vitrales, los murales, las esculturas, el amueblamiento que, como parte integral del patrimonio cultural inmueble, deben ser preservados en relaci\u00f3n a las estructuras y medio ambiente para los que fueron dise\u00f1ados.<\/div>\n<\/div>\n<\/section>\n<\/div>\n<\/div>\n<\/div>\n<\/div>\n<\/div>\n<\/section>\n<\/div>\n<\/div>\n<\/div>\n<\/div>\n<\/div>\n<\/div>\n<\/section>\n<p>[\/et_pb_text][\/et_pb_column][\/et_pb_row][\/et_pb_section]<\/p>\n","protected":false},"excerpt":{"rendered":"<p>Patrimonio Inmueble Se refiere a una manifestaci\u00f3n material, imposible de ser movida o trasladada: obras de la arquitectura civil, religiosa, militar, dom\u00e9stica, industrial, como as\u00ed tambi\u00e9n sitios hist\u00f3ricos, zonas u objetos arqueol\u00f3gicos, calles, puentes, viaductos, entre otros. Esta categor\u00eda adem\u00e1s incorpora a los vitrales, los murales, las esculturas, el amueblamiento que, como parte integral del [&hellip;]<\/p>\n","protected":false},"author":1,"featured_media":0,"parent":0,"menu_order":0,"comment_status":"closed","ping_status":"closed","template":"","meta":{"_acf_changed":false,"_et_pb_use_builder":"on","_et_pb_old_content":"","_et_gb_content_width":"","footnotes":""},"acf":[],"_links":{"self":[{"href":"https:\/\/autoridaddelpatrimoniocultural.campeche.gob.mx\/index.php?rest_route=\/wp\/v2\/pages\/6493"}],"collection":[{"href":"https:\/\/autoridaddelpatrimoniocultural.campeche.gob.mx\/index.php?rest_route=\/wp\/v2\/pages"}],"about":[{"href":"https:\/\/autoridaddelpatrimoniocultural.campeche.gob.mx\/index.php?rest_route=\/wp\/v2\/types\/page"}],"author":[{"embeddable":true,"href":"https:\/\/autoridaddelpatrimoniocultural.campeche.gob.mx\/index.php?rest_route=\/wp\/v2\/users\/1"}],"replies":[{"embeddable":true,"href":"https:\/\/autoridaddelpatrimoniocultural.campeche.gob.mx\/index.php?rest_route=%2Fwp%2Fv2%2Fcomments&post=6493"}],"version-history":[{"count":6,"href":"https:\/\/autoridaddelpatrimoniocultural.campeche.gob.mx\/index.php?rest_route=\/wp\/v2\/pages\/6493\/revisions"}],"predecessor-version":[{"id":6827,"href":"https:\/\/autoridaddelpatrimoniocultural.campeche.gob.mx\/index.php?rest_route=\/wp\/v2\/pages\/6493\/revisions\/6827"}],"wp:attachment":[{"href":"https:\/\/autoridaddelpatrimoniocultural.campeche.gob.mx\/index.php?rest_route=%2Fwp%2Fv2%2Fmedia&parent=6493"}],"curies":[{"name":"wp","href":"https:\/\/api.w.org\/{rel}","templated":true}]}}