{"id":6457,"date":"2024-04-24T14:17:33","date_gmt":"2024-04-24T20:17:33","guid":{"rendered":"https:\/\/autoridaddelpatrimoniocultural.campeche.gob.mx\/?page_id=6457"},"modified":"2025-07-03T15:21:10","modified_gmt":"2025-07-03T21:21:10","slug":"normatividad-vigente","status":"publish","type":"page","link":"https:\/\/autoridaddelpatrimoniocultural.campeche.gob.mx\/?page_id=6457","title":{"rendered":"Normatividad Vigente"},"content":{"rendered":"<p>[et_pb_section fb_built=&#8221;1&#8243; _builder_version=&#8221;4.25.0&#8243; _module_preset=&#8221;default&#8221; custom_padding=&#8221;0px||0px||true|false&#8221; global_colors_info=&#8221;{}&#8221;][et_pb_row _builder_version=&#8221;4.25.0&#8243; _module_preset=&#8221;default&#8221; global_colors_info=&#8221;{}&#8221;][et_pb_column type=&#8221;4_4&#8243; _builder_version=&#8221;4.25.0&#8243; _module_preset=&#8221;default&#8221; global_colors_info=&#8221;{}&#8221;][et_pb_text _builder_version=&#8221;4.25.0&#8243; _module_preset=&#8221;default&#8221; header_font=&#8221;|600|||||||&#8221; header_text_color=&#8221;#691C32&#8243; header_font_size=&#8221;35px&#8221; global_colors_info=&#8221;{}&#8221;]<\/p>\n<h1 style=\"text-align: center;\">Normatividad Vigente<\/h1>\n<p>[\/et_pb_text][et_pb_divider _builder_version=&#8221;4.25.0&#8243; _module_preset=&#8221;default&#8221; global_colors_info=&#8221;{}&#8221;][\/et_pb_divider][\/et_pb_column][\/et_pb_row][\/et_pb_section][et_pb_section fb_built=&#8221;1&#8243; _builder_version=&#8221;4.25.0&#8243; _module_preset=&#8221;default&#8221; custom_padding=&#8221;0px||0px||true|false&#8221; global_colors_info=&#8221;{}&#8221;][et_pb_row _builder_version=&#8221;4.25.0&#8243; _module_preset=&#8221;default&#8221; custom_padding=&#8221;0px||0px||true|false&#8221; global_colors_info=&#8221;{}&#8221;][et_pb_column type=&#8221;4_4&#8243; _builder_version=&#8221;4.25.0&#8243; _module_preset=&#8221;default&#8221; global_colors_info=&#8221;{}&#8221;][et_pb_text _builder_version=&#8221;4.27.4&#8243; _module_preset=&#8221;default&#8221; hover_enabled=&#8221;0&#8243; global_colors_info=&#8221;{}&#8221; sticky_enabled=&#8221;0&#8243; link_option_url=&#8221;https:\/\/drive.google.com\/file\/d\/1CVQvAqXWYElGpq3Xr2hNi9vLkLvaOLJ4\/view?usp=sharing&#8221;]<\/p>\n<table border=\"1\" style=\"height: 264px;\">\n<tbody>\n<tr style=\"height: 48px;\">\n<td style=\"text-align: center; height: 48px; width: 653.578px;\"><strong><span style=\"vertical-align: inherit;\"><span style=\"vertical-align: inherit;\">Marco regulatorio<\/span><\/span><\/strong><\/td>\n<td style=\"text-align: center; height: 48px; width: 123.422px;\"><strong><span style=\"vertical-align: inherit;\"><span style=\"vertical-align: inherit;\">Fecha de Publicaci\u00f3n<\/span><\/span><\/strong><\/td>\n<\/tr>\n<tr style=\"height: 72px;\">\n<td style=\"text-align: justify; height: 72px; width: 653.578px;\"><a href=\"https:\/\/autoridaddelpatrimoniocultural.campeche.gob.mx\/wp-content\/uploads\/2024\/04\/1.-Acuerdo-por-el-que-se-crea-la-Autoridad-del-Patrimonio-Cultural-del-Estado-de-Campeche.pdf\" target=\"_blank\" rel=\"noopener\"><span style=\"vertical-align: inherit;\"><span style=\"vertical-align: inherit;\">Acuerdo del Ejecutivo del Estado por el que se crea el Organismo Descentralizado de la Administraci\u00f3n P\u00fablica Paraestatal denominado \u201cAutoridad del Patrimonio Cultural del Estado de Campeche<\/span><\/span><\/a><\/td>\n<td style=\"text-align: center; height: 72px; width: 123.422px;\"><span style=\"vertical-align: inherit;\"><span style=\"vertical-align: inherit;\">23\/12\/2021<\/span><\/span><\/td>\n<\/tr>\n<tr style=\"height: 72px;\">\n<td style=\"text-align: justify; height: 72px; width: 653.578px;\"><a href=\"https:\/\/autoridaddelpatrimoniocultural.campeche.gob.mx\/wp-content\/uploads\/2024\/04\/2.-Acuerdo-por-el-que-se-modifica-el-acuerdo-por-el-que-se-creo-la-APCEC.pdf\"><span style=\"vertical-align: inherit;\"><span style=\"vertical-align: inherit;\">Acuerdo del Ejecutivo del Estado por el que se modifica el diverso acuerdo por el que se cre\u00f3 el Organismo Descentralizado de la Administraci\u00f3n P\u00fablica Paraestatal denominado \u201cAutoridad del Patrimonio Cultural del Estado de Campeche<\/span><\/span><\/a><\/td>\n<td style=\"text-align: center; height: 72px; width: 123.422px;\"><span style=\"vertical-align: inherit;\"><span style=\"vertical-align: inherit;\">11\/02\/2022<\/span><\/span><\/td>\n<\/tr>\n<tr style=\"height: 48px;\">\n<td style=\"text-align: justify; height: 48px; width: 653.578px;\"><a href=\"https:\/\/autoridaddelpatrimoniocultural.campeche.gob.mx\/wp-content\/uploads\/2024\/04\/3.-Reglamento-Interior-de-la-APCEC.pdf\" target=\"_blank\" rel=\"noopener\"><span style=\"vertical-align: inherit;\"><span style=\"vertical-align: inherit;\">Reglamento Interior del Organismo Descentralizado de la Administraci\u00f3n P\u00fablica denominado \u201cAutoridad del Patrimonio Cultural del Estado de Campeche<\/span><\/span><\/a><\/td>\n<td style=\"text-align: center; height: 48px; width: 123.422px;\"><span style=\"vertical-align: inherit;\"><span style=\"vertical-align: inherit;\">25\/03\/2022<\/span><\/span><\/td>\n<\/tr>\n<tr style=\"height: 24px;\">\n<td style=\"text-align: justify; height: 24px; width: 653.578px;\"><a href=\"https:\/\/autoridaddelpatrimoniocultural.campeche.gob.mx\/wp-content\/uploads\/2024\/04\/4.-POE_MO_APCEC.pdf\" target=\"_blank\" rel=\"noopener\"><span style=\"vertical-align: inherit;\"><span style=\"vertical-align: inherit;\">Manual de Organizaci\u00f3n de la Autoridad del Patrimonio Cultural del Estado de Campeche<\/span><\/span><\/a><\/td>\n<td style=\"text-align: center; height: 24px; width: 123.422px;\"><span style=\"vertical-align: inherit;\"><span style=\"vertical-align: inherit;\">10\/10\/2022<\/span><\/span><\/td>\n<\/tr>\n<tr>\n<td style=\"text-align: justify; width: 653.578px;\"><a href=\"https:\/\/drive.google.com\/file\/d\/1CVQvAqXWYElGpq3Xr2hNi9vLkLvaOLJ4\/view?usp=sharing\"><span style=\"vertical-align: inherit;\"><span style=\"vertical-align: inherit;\">Manual de Contabilidad Gubernamental<\/span><\/span><\/a><\/td>\n<td style=\"text-align: center; width: 123.422px;\"><span style=\"vertical-align: inherit;\"><span style=\"vertical-align: inherit;\">\u00a0<\/span><\/span><\/td>\n<\/tr>\n<\/tbody>\n<\/table>\n<p>[\/et_pb_text][\/et_pb_column][\/et_pb_row][\/et_pb_section]<\/p>\n","protected":false},"excerpt":{"rendered":"<p>Normatividad Vigente Marco regulatorio Fecha de Publicaci\u00f3n Acuerdo del Ejecutivo del Estado por el que se crea el Organismo Descentralizado de la Administraci\u00f3n P\u00fablica Paraestatal denominado \u201cAutoridad del Patrimonio Cultural del Estado de Campeche 23\/12\/2021 Acuerdo del Ejecutivo del Estado por el que se modifica el diverso acuerdo por el que se cre\u00f3 el Organismo [&hellip;]<\/p>\n","protected":false},"author":1,"featured_media":0,"parent":0,"menu_order":0,"comment_status":"closed","ping_status":"closed","template":"","meta":{"_acf_changed":false,"_et_pb_use_builder":"on","_et_pb_old_content":"","_et_gb_content_width":"","footnotes":""},"acf":[],"_links":{"self":[{"href":"https:\/\/autoridaddelpatrimoniocultural.campeche.gob.mx\/index.php?rest_route=\/wp\/v2\/pages\/6457"}],"collection":[{"href":"https:\/\/autoridaddelpatrimoniocultural.campeche.gob.mx\/index.php?rest_route=\/wp\/v2\/pages"}],"about":[{"href":"https:\/\/autoridaddelpatrimoniocultural.campeche.gob.mx\/index.php?rest_route=\/wp\/v2\/types\/page"}],"author":[{"embeddable":true,"href":"https:\/\/autoridaddelpatrimoniocultural.campeche.gob.mx\/index.php?rest_route=\/wp\/v2\/users\/1"}],"replies":[{"embeddable":true,"href":"https:\/\/autoridaddelpatrimoniocultural.campeche.gob.mx\/index.php?rest_route=%2Fwp%2Fv2%2Fcomments&post=6457"}],"version-history":[{"count":6,"href":"https:\/\/autoridaddelpatrimoniocultural.campeche.gob.mx\/index.php?rest_route=\/wp\/v2\/pages\/6457\/revisions"}],"predecessor-version":[{"id":6984,"href":"https:\/\/autoridaddelpatrimoniocultural.campeche.gob.mx\/index.php?rest_route=\/wp\/v2\/pages\/6457\/revisions\/6984"}],"wp:attachment":[{"href":"https:\/\/autoridaddelpatrimoniocultural.campeche.gob.mx\/index.php?rest_route=%2Fwp%2Fv2%2Fmedia&parent=6457"}],"curies":[{"name":"wp","href":"https:\/\/api.w.org\/{rel}","templated":true}]}}